{"id":139,"date":"2020-12-08T22:28:59","date_gmt":"2020-12-08T21:28:59","guid":{"rendered":"http:\/\/textistmeinding.de\/?page_id=139"},"modified":"2020-12-08T22:29:00","modified_gmt":"2020-12-08T21:29:00","slug":"shape-fitness-studio-in-mayen","status":"publish","type":"page","link":"http:\/\/textistmeinding.de\/text-ist-mein-ding\/shape-fitness-studio-in-mayen\/","title":{"rendered":"Shape Fitness-Studio in Mayen"},"content":{"rendered":"<div id='av_section_1'  class='avia-section main_color avia-section-default avia-no-border-styling  avia-bg-style-scroll  avia-builder-el-0  avia-builder-el-no-sibling   container_wrap fullsize' style='background-color: #eb6a37;  '  ><div class='container' ><main  role=\"main\" itemprop=\"mainContentOfPage\"  class='template-page content  av-content-full alpha units'><div class='post-entry post-entry-type-page post-entry-139'><div class='entry-content-wrapper clearfix'>\n<div class=\"flex_column av_one_half  flex_column_div av-zero-column-padding first  avia-builder-el-1  el_before_av_one_half  avia-builder-el-first  \" style='border-radius:0px; '><p><div  style='padding-bottom:10px; font-size:68px;' class='av-special-heading av-special-heading-h5  blockquote modern-quote  avia-builder-el-2  el_before_av_hr  avia-builder-el-first  av-inherit-size '><h5 class='av-special-heading-tag '  itemprop=\"headline\"  >Shape &#8211; Fitness <span class='special_amp'>&amp;<\/span> Gesundheit in Mayen<\/h5><div class='special-heading-border'><div class='special-heading-inner-border' ><\/div><\/div><\/div><br \/>\n<div   class='hr hr-default   avia-builder-el-3  el_after_av_heading  el_before_av_textblock '><span class='hr-inner ' ><span class='hr-inner-style'><\/span><\/span><\/div><br \/>\n<section class=\"av_textblock_section \"  itemscope=\"itemscope\" itemtype=\"https:\/\/schema.org\/CreativeWork\" ><div class='avia_textblock  av_inherit_color '  style='font-size:25px; color:#000000; '  itemprop=\"text\" ><p>Gerd und Nina, die beiden Inhaber des Studios in Mayen, legten Wert darauf, dass den potentiellen Kunden zwei USPs direkt ins Auge springen: zum Einen &#8211; man ist im <a href=\"http:\/\/shape-mayen.de\/\" target=\"_blank\" rel=\"noopener noreferrer\">SHAPE<\/a> nicht nur eine Nummer, wie in vielen anderen gro\u00dfen Studios der Region. Hier kennt man sich pers\u00f6nlich, wei\u00df um die Trainingsziele des Kunden. Niemand wird dort schr\u00e4g angesehen, weil er kein Norm-Ma\u00df besitzt und jeder, der ernsthaft etwas Sport betreiben m\u00f6chte, der sich bewegen m\u00f6chte ist willkommen.<\/p>\n<p>Der zweite Punkt ist die Ausbildung der Trainer. Im Gegensatz zur Konkurrenz, leiten im SHAPE nur bestens ausgebildete Trainer die Kunden an.<\/p>\n<p>Genau diese beiden Punkte mussten im Text und in der Gestaltung hervorgehoben werden. Und sie mussten SEO tauglich aufgearbeitet werden.<\/p>\n<\/div><\/section><\/p><\/div><div class=\"flex_column av_one_half  flex_column_div av-zero-column-padding   avia-builder-el-5  el_after_av_one_half  avia-builder-el-last  \" style='border-radius:0px; '><div id='av-masonry-1' class='av-masonry  noHover av-flex-size av-large-gap av-hover-overlay-active av-masonry-animation-active av-masonry-col-3 av-caption-always av-caption-style- av-masonry-gallery     '  ><div class='av-masonry-container isotope av-js-disabled ' ><div class='av-masonry-entry isotope-item av-masonry-item-no-image '><\/div><a href=\"http:\/\/textistmeinding.de\/wp-content\/uploads\/2020\/11\/00170.jpg\"  aria-label=\"image 00170\"  id='av-masonry-1-item-175' data-av-masonry-item='175' class='av-masonry-entry isotope-item post-175 attachment type-attachment status-inherit hentry  av-masonry-item-with-image' title=\"00170\" alt=\"\"   itemprop=\"thumbnailUrl\" ><div class='av-inner-masonry-sizer'><\/div><figure class='av-inner-masonry main_color'><div class=\"av-masonry-outerimage-container\"><div class=\"av-masonry-image-container\" ><img width=\"705\" height=\"470\" class=\"wp-image-175 avia-img-lazy-loading-not-175\"  src=\"http:\/\/textistmeinding.de\/wp-content\/uploads\/2020\/11\/00170-705x470.jpg\" title=\"00170\" alt=\"\" srcset=\"http:\/\/textistmeinding.de\/wp-content\/uploads\/2020\/11\/00170-705x470.jpg 705w, http:\/\/textistmeinding.de\/wp-content\/uploads\/2020\/11\/00170-300x200.jpg 300w, http:\/\/textistmeinding.de\/wp-content\/uploads\/2020\/11\/00170-768x512.jpg 768w, http:\/\/textistmeinding.de\/wp-content\/uploads\/2020\/11\/00170.jpg 1000w\" sizes=\"(max-width: 705px) 100vw, 705px\" \/><\/div><\/div><\/figure><\/a><!--end av-masonry entry--><a href=\"http:\/\/textistmeinding.de\/wp-content\/uploads\/2020\/11\/00428.jpg\"  aria-label=\"image 00428\"  id='av-masonry-1-item-176' data-av-masonry-item='176' class='av-masonry-entry isotope-item post-176 attachment type-attachment status-inherit hentry  av-masonry-item-with-image' title=\"00428\" alt=\"\"   itemprop=\"thumbnailUrl\" ><div class='av-inner-masonry-sizer'><\/div><figure class='av-inner-masonry main_color'><div class=\"av-masonry-outerimage-container\"><div class=\"av-masonry-image-container\" ><img width=\"705\" height=\"470\" class=\"wp-image-176 avia-img-lazy-loading-not-176\"  src=\"http:\/\/textistmeinding.de\/wp-content\/uploads\/2020\/11\/00428-705x470.jpg\" title=\"00428\" alt=\"\" srcset=\"http:\/\/textistmeinding.de\/wp-content\/uploads\/2020\/11\/00428-705x470.jpg 705w, http:\/\/textistmeinding.de\/wp-content\/uploads\/2020\/11\/00428-300x200.jpg 300w, http:\/\/textistmeinding.de\/wp-content\/uploads\/2020\/11\/00428-768x512.jpg 768w, http:\/\/textistmeinding.de\/wp-content\/uploads\/2020\/11\/00428.jpg 1000w\" sizes=\"(max-width: 705px) 100vw, 705px\" \/><\/div><\/div><\/figure><\/a><!--end av-masonry entry--><a href=\"http:\/\/textistmeinding.de\/wp-content\/uploads\/2020\/11\/00454_1.jpg\"  aria-label=\"image 00454_1\"  id='av-masonry-1-item-177' data-av-masonry-item='177' class='av-masonry-entry isotope-item post-177 attachment type-attachment status-inherit hentry  av-masonry-item-with-image' title=\"00454_1\" alt=\"\"   itemprop=\"thumbnailUrl\" ><div class='av-inner-masonry-sizer'><\/div><figure class='av-inner-masonry main_color'><div class=\"av-masonry-outerimage-container\"><div class=\"av-masonry-image-container\" ><img width=\"705\" height=\"470\" class=\"wp-image-177 avia-img-lazy-loading-not-177\"  src=\"http:\/\/textistmeinding.de\/wp-content\/uploads\/2020\/11\/00454_1-705x470.jpg\" title=\"00454_1\" alt=\"\" srcset=\"http:\/\/textistmeinding.de\/wp-content\/uploads\/2020\/11\/00454_1-705x470.jpg 705w, http:\/\/textistmeinding.de\/wp-content\/uploads\/2020\/11\/00454_1-300x200.jpg 300w, http:\/\/textistmeinding.de\/wp-content\/uploads\/2020\/11\/00454_1-768x512.jpg 768w, http:\/\/textistmeinding.de\/wp-content\/uploads\/2020\/11\/00454_1.jpg 1000w\" sizes=\"(max-width: 705px) 100vw, 705px\" \/><\/div><\/div><\/figure><\/a><!--end av-masonry entry--><a href=\"http:\/\/textistmeinding.de\/wp-content\/uploads\/2020\/11\/00565_a.jpg\"  aria-label=\"image 00565_a\"  id='av-masonry-1-item-178' data-av-masonry-item='178' class='av-masonry-entry isotope-item post-178 attachment type-attachment status-inherit hentry  av-masonry-item-with-image' title=\"00565_a\" alt=\"\"   itemprop=\"thumbnailUrl\" ><div class='av-inner-masonry-sizer'><\/div><figure class='av-inner-masonry main_color'><div class=\"av-masonry-outerimage-container\"><div class=\"av-masonry-image-container\" ><img width=\"470\" height=\"705\" class=\"wp-image-178 avia-img-lazy-loading-not-178\"  src=\"http:\/\/textistmeinding.de\/wp-content\/uploads\/2020\/11\/00565_a-470x705.jpg\" title=\"00565_a\" alt=\"\" srcset=\"http:\/\/textistmeinding.de\/wp-content\/uploads\/2020\/11\/00565_a-470x705.jpg 470w, http:\/\/textistmeinding.de\/wp-content\/uploads\/2020\/11\/00565_a-200x300.jpg 200w, http:\/\/textistmeinding.de\/wp-content\/uploads\/2020\/11\/00565_a.jpg 667w\" sizes=\"(max-width: 470px) 100vw, 470px\" \/><\/div><\/div><\/figure><\/a><!--end av-masonry entry--><a href=\"http:\/\/textistmeinding.de\/wp-content\/uploads\/2020\/11\/Bad-2.png\"  aria-label=\"image Bad 2\"  id='av-masonry-1-item-179' data-av-masonry-item='179' class='av-masonry-entry isotope-item post-179 attachment type-attachment status-inherit hentry  av-masonry-item-with-image' title=\"Bad 2\" alt=\"\"   itemprop=\"thumbnailUrl\" ><div class='av-inner-masonry-sizer'><\/div><figure class='av-inner-masonry main_color'><div class=\"av-masonry-outerimage-container\"><div class=\"av-masonry-image-container\" ><img width=\"705\" height=\"470\" class=\"wp-image-179 avia-img-lazy-loading-not-179\"  src=\"http:\/\/textistmeinding.de\/wp-content\/uploads\/2020\/11\/Bad-2-705x470.png\" title=\"Bad 2\" alt=\"\" srcset=\"http:\/\/textistmeinding.de\/wp-content\/uploads\/2020\/11\/Bad-2-705x470.png 705w, http:\/\/textistmeinding.de\/wp-content\/uploads\/2020\/11\/Bad-2-300x200.png 300w, http:\/\/textistmeinding.de\/wp-content\/uploads\/2020\/11\/Bad-2-768x512.png 768w, http:\/\/textistmeinding.de\/wp-content\/uploads\/2020\/11\/Bad-2.png 1000w\" sizes=\"(max-width: 705px) 100vw, 705px\" \/><\/div><\/div><\/figure><\/a><!--end av-masonry entry--><a href=\"http:\/\/textistmeinding.de\/wp-content\/uploads\/2020\/11\/Banner-1-Hantel-1030x216.png\"  aria-label=\"image Banner 1 Hantel\"  id='av-masonry-1-item-180' data-av-masonry-item='180' class='av-masonry-entry isotope-item post-180 attachment type-attachment status-inherit hentry  av-masonry-item-with-image' title=\"Banner 1 Hantel\" alt=\"\"   itemprop=\"thumbnailUrl\" ><div class='av-inner-masonry-sizer'><\/div><figure class='av-inner-masonry main_color'><div class=\"av-masonry-outerimage-container\"><div class=\"av-masonry-image-container\" ><img width=\"705\" height=\"148\" class=\"wp-image-180 avia-img-lazy-loading-not-180\"  src=\"http:\/\/textistmeinding.de\/wp-content\/uploads\/2020\/11\/Banner-1-Hantel-705x148.png\" title=\"Banner 1 Hantel\" alt=\"\" srcset=\"http:\/\/textistmeinding.de\/wp-content\/uploads\/2020\/11\/Banner-1-Hantel-705x148.png 705w, http:\/\/textistmeinding.de\/wp-content\/uploads\/2020\/11\/Banner-1-Hantel-300x63.png 300w, http:\/\/textistmeinding.de\/wp-content\/uploads\/2020\/11\/Banner-1-Hantel-1030x216.png 1030w, http:\/\/textistmeinding.de\/wp-content\/uploads\/2020\/11\/Banner-1-Hantel-768x161.png 768w, http:\/\/textistmeinding.de\/wp-content\/uploads\/2020\/11\/Banner-1-Hantel-1536x322.png 1536w, http:\/\/textistmeinding.de\/wp-content\/uploads\/2020\/11\/Banner-1-Hantel-2048x429.png 2048w, http:\/\/textistmeinding.de\/wp-content\/uploads\/2020\/11\/Banner-1-Hantel-1500x315.png 1500w\" sizes=\"(max-width: 705px) 100vw, 705px\" \/><\/div><\/div><\/figure><\/a><!--end av-masonry entry--><a href=\"http:\/\/textistmeinding.de\/wp-content\/uploads\/2020\/11\/Nina-quer.png\"  aria-label=\"image Nina quer\"  id='av-masonry-1-item-189' data-av-masonry-item='189' class='av-masonry-entry isotope-item post-189 attachment type-attachment status-inherit hentry  av-masonry-item-with-image' title=\"Nina quer\" alt=\"\"   itemprop=\"thumbnailUrl\" ><div class='av-inner-masonry-sizer'><\/div><figure class='av-inner-masonry main_color'><div class=\"av-masonry-outerimage-container\"><div class=\"av-masonry-image-container\" ><img width=\"705\" height=\"470\" class=\"wp-image-189 avia-img-lazy-loading-not-189\"  src=\"http:\/\/textistmeinding.de\/wp-content\/uploads\/2020\/11\/Nina-quer-705x470.png\" title=\"Nina quer\" alt=\"\" srcset=\"http:\/\/textistmeinding.de\/wp-content\/uploads\/2020\/11\/Nina-quer-705x470.png 705w, http:\/\/textistmeinding.de\/wp-content\/uploads\/2020\/11\/Nina-quer-300x200.png 300w, http:\/\/textistmeinding.de\/wp-content\/uploads\/2020\/11\/Nina-quer-768x512.png 768w, http:\/\/textistmeinding.de\/wp-content\/uploads\/2020\/11\/Nina-quer.png 1000w\" sizes=\"(max-width: 705px) 100vw, 705px\" \/><\/div><\/div><\/figure><\/a><!--end av-masonry entry--><a href=\"http:\/\/textistmeinding.de\/wp-content\/uploads\/2020\/11\/Murphy-Nina.png\"  aria-label=\"image Murphy Nina\"  id='av-masonry-1-item-188' data-av-masonry-item='188' class='av-masonry-entry isotope-item post-188 attachment type-attachment status-inherit hentry  av-masonry-item-with-image' title=\"Murphy Nina\" alt=\"\"   itemprop=\"thumbnailUrl\" ><div class='av-inner-masonry-sizer'><\/div><figure class='av-inner-masonry main_color'><div class=\"av-masonry-outerimage-container\"><div class=\"av-masonry-image-container\" ><img width=\"705\" height=\"470\" class=\"wp-image-188 avia-img-lazy-loading-not-188\"  src=\"http:\/\/textistmeinding.de\/wp-content\/uploads\/2020\/11\/Murphy-Nina-705x470.png\" title=\"Murphy Nina\" alt=\"\" srcset=\"http:\/\/textistmeinding.de\/wp-content\/uploads\/2020\/11\/Murphy-Nina-705x470.png 705w, http:\/\/textistmeinding.de\/wp-content\/uploads\/2020\/11\/Murphy-Nina-300x200.png 300w, http:\/\/textistmeinding.de\/wp-content\/uploads\/2020\/11\/Murphy-Nina-768x512.png 768w, http:\/\/textistmeinding.de\/wp-content\/uploads\/2020\/11\/Murphy-Nina.png 1000w\" sizes=\"(max-width: 705px) 100vw, 705px\" \/><\/div><\/div><\/figure><\/a><!--end av-masonry entry--><a href=\"http:\/\/textistmeinding.de\/wp-content\/uploads\/2020\/11\/Gerd-hochk.png\"  aria-label=\"image Gerd hochk\"  id='av-masonry-1-item-187' data-av-masonry-item='187' class='av-masonry-entry isotope-item post-187 attachment type-attachment status-inherit hentry  av-masonry-item-with-image' title=\"Gerd hochk\" alt=\"\"   itemprop=\"thumbnailUrl\" ><div class='av-inner-masonry-sizer'><\/div><figure class='av-inner-masonry main_color'><div class=\"av-masonry-outerimage-container\"><div class=\"av-masonry-image-container\" ><img width=\"470\" height=\"705\" class=\"wp-image-187 avia-img-lazy-loading-not-187\"  src=\"http:\/\/textistmeinding.de\/wp-content\/uploads\/2020\/11\/Gerd-hochk-470x705.png\" title=\"Gerd hochk\" alt=\"\" srcset=\"http:\/\/textistmeinding.de\/wp-content\/uploads\/2020\/11\/Gerd-hochk-470x705.png 470w, http:\/\/textistmeinding.de\/wp-content\/uploads\/2020\/11\/Gerd-hochk-200x300.png 200w, http:\/\/textistmeinding.de\/wp-content\/uploads\/2020\/11\/Gerd-hochk.png 667w\" sizes=\"(max-width: 470px) 100vw, 470px\" \/><\/div><\/div><\/figure><\/a><!--end av-masonry entry--><a href=\"http:\/\/textistmeinding.de\/wp-content\/uploads\/2020\/11\/fc7426c6-.jpg\"  aria-label=\"image fc7426c6-\"  id='av-masonry-1-item-186' data-av-masonry-item='186' class='av-masonry-entry isotope-item post-186 attachment type-attachment status-inherit hentry  av-masonry-item-with-image' title=\"fc7426c6-\" alt=\"\"   itemprop=\"thumbnailUrl\" ><div class='av-inner-masonry-sizer'><\/div><figure class='av-inner-masonry main_color'><div class=\"av-masonry-outerimage-container\"><div class=\"av-masonry-image-container\" ><img width=\"705\" height=\"470\" class=\"wp-image-186 avia-img-lazy-loading-not-186\"  src=\"http:\/\/textistmeinding.de\/wp-content\/uploads\/2020\/11\/fc7426c6--705x470.jpg\" title=\"fc7426c6-\" alt=\"\" srcset=\"http:\/\/textistmeinding.de\/wp-content\/uploads\/2020\/11\/fc7426c6--705x470.jpg 705w, http:\/\/textistmeinding.de\/wp-content\/uploads\/2020\/11\/fc7426c6--300x200.jpg 300w, http:\/\/textistmeinding.de\/wp-content\/uploads\/2020\/11\/fc7426c6--768x511.jpg 768w, http:\/\/textistmeinding.de\/wp-content\/uploads\/2020\/11\/fc7426c6-.jpg 1000w\" sizes=\"(max-width: 705px) 100vw, 705px\" \/><\/div><\/div><\/figure><\/a><!--end av-masonry entry--><a href=\"http:\/\/textistmeinding.de\/wp-content\/uploads\/2020\/11\/Core-10.png\"  aria-label=\"image Core 10\"  id='av-masonry-1-item-185' data-av-masonry-item='185' class='av-masonry-entry isotope-item post-185 attachment type-attachment status-inherit hentry  av-masonry-item-with-image' title=\"Core 10\" alt=\"\"   itemprop=\"thumbnailUrl\" ><div class='av-inner-masonry-sizer'><\/div><figure class='av-inner-masonry main_color'><div class=\"av-masonry-outerimage-container\"><div class=\"av-masonry-image-container\" ><img width=\"705\" height=\"470\" class=\"wp-image-185 avia-img-lazy-loading-not-185\"  src=\"http:\/\/textistmeinding.de\/wp-content\/uploads\/2020\/11\/Core-10-705x470.png\" title=\"Core 10\" alt=\"\" srcset=\"http:\/\/textistmeinding.de\/wp-content\/uploads\/2020\/11\/Core-10-705x470.png 705w, http:\/\/textistmeinding.de\/wp-content\/uploads\/2020\/11\/Core-10-300x200.png 300w, http:\/\/textistmeinding.de\/wp-content\/uploads\/2020\/11\/Core-10-768x512.png 768w, http:\/\/textistmeinding.de\/wp-content\/uploads\/2020\/11\/Core-10.png 1000w\" sizes=\"(max-width: 705px) 100vw, 705px\" \/><\/div><\/div><\/figure><\/a><!--end av-masonry entry--><a href=\"http:\/\/textistmeinding.de\/wp-content\/uploads\/2020\/11\/Core-6.png\"  aria-label=\"image Core 6\"  id='av-masonry-1-item-184' data-av-masonry-item='184' class='av-masonry-entry isotope-item post-184 attachment type-attachment status-inherit hentry  av-masonry-item-with-image' title=\"Core 6\" alt=\"\"   itemprop=\"thumbnailUrl\" ><div class='av-inner-masonry-sizer'><\/div><figure class='av-inner-masonry main_color'><div class=\"av-masonry-outerimage-container\"><div class=\"av-masonry-image-container\" ><img width=\"705\" height=\"470\" class=\"wp-image-184 avia-img-lazy-loading-not-184\"  src=\"http:\/\/textistmeinding.de\/wp-content\/uploads\/2020\/11\/Core-6-705x470.png\" title=\"Core 6\" alt=\"\" srcset=\"http:\/\/textistmeinding.de\/wp-content\/uploads\/2020\/11\/Core-6-705x470.png 705w, http:\/\/textistmeinding.de\/wp-content\/uploads\/2020\/11\/Core-6-300x200.png 300w, http:\/\/textistmeinding.de\/wp-content\/uploads\/2020\/11\/Core-6-768x512.png 768w, http:\/\/textistmeinding.de\/wp-content\/uploads\/2020\/11\/Core-6.png 1000w\" sizes=\"(max-width: 705px) 100vw, 705px\" \/><\/div><\/div><\/figure><\/a><!--end av-masonry entry--><a href=\"http:\/\/textistmeinding.de\/wp-content\/uploads\/2020\/11\/Core-61.png\"  aria-label=\"image Core 6(1)\"  id='av-masonry-1-item-183' data-av-masonry-item='183' class='av-masonry-entry isotope-item post-183 attachment type-attachment status-inherit hentry  av-masonry-item-with-image' title=\"Core 6(1)\" alt=\"\"   itemprop=\"thumbnailUrl\" ><div class='av-inner-masonry-sizer'><\/div><figure class='av-inner-masonry main_color'><div class=\"av-masonry-outerimage-container\"><div class=\"av-masonry-image-container\" ><img width=\"705\" height=\"470\" class=\"wp-image-183 avia-img-lazy-loading-not-183\"  src=\"http:\/\/textistmeinding.de\/wp-content\/uploads\/2020\/11\/Core-61-705x470.png\" title=\"Core 6(1)\" alt=\"\" srcset=\"http:\/\/textistmeinding.de\/wp-content\/uploads\/2020\/11\/Core-61-705x470.png 705w, http:\/\/textistmeinding.de\/wp-content\/uploads\/2020\/11\/Core-61-300x200.png 300w, http:\/\/textistmeinding.de\/wp-content\/uploads\/2020\/11\/Core-61-768x512.png 768w, http:\/\/textistmeinding.de\/wp-content\/uploads\/2020\/11\/Core-61.png 1000w\" sizes=\"(max-width: 705px) 100vw, 705px\" \/><\/div><\/div><\/figure><\/a><!--end av-masonry entry--><a href=\"http:\/\/textistmeinding.de\/wp-content\/uploads\/2020\/11\/Core-4.jpg\"  aria-label=\"image Core 4\"  id='av-masonry-1-item-182' data-av-masonry-item='182' class='av-masonry-entry isotope-item post-182 attachment type-attachment status-inherit hentry  av-masonry-item-with-image' title=\"Core 4\" alt=\"\"   itemprop=\"thumbnailUrl\" ><div class='av-inner-masonry-sizer'><\/div><figure class='av-inner-masonry main_color'><div class=\"av-masonry-outerimage-container\"><div class=\"av-masonry-image-container\" ><img width=\"705\" height=\"470\" class=\"wp-image-182 avia-img-lazy-loading-not-182\"  src=\"http:\/\/textistmeinding.de\/wp-content\/uploads\/2020\/11\/Core-4-705x470.jpg\" title=\"Core 4\" alt=\"\" srcset=\"http:\/\/textistmeinding.de\/wp-content\/uploads\/2020\/11\/Core-4-705x470.jpg 705w, http:\/\/textistmeinding.de\/wp-content\/uploads\/2020\/11\/Core-4-300x200.jpg 300w, http:\/\/textistmeinding.de\/wp-content\/uploads\/2020\/11\/Core-4-768x512.jpg 768w, http:\/\/textistmeinding.de\/wp-content\/uploads\/2020\/11\/Core-4.jpg 1000w\" sizes=\"(max-width: 705px) 100vw, 705px\" \/><\/div><\/div><\/figure><\/a><!--end av-masonry entry--><a href=\"http:\/\/textistmeinding.de\/wp-content\/uploads\/2020\/11\/Core-1.jpg\"  aria-label=\"image Core 1\"  id='av-masonry-1-item-181' data-av-masonry-item='181' class='av-masonry-entry isotope-item post-181 attachment type-attachment status-inherit hentry  av-masonry-item-with-image' title=\"Core 1\" alt=\"\"   itemprop=\"thumbnailUrl\" ><div class='av-inner-masonry-sizer'><\/div><figure class='av-inner-masonry main_color'><div class=\"av-masonry-outerimage-container\"><div class=\"av-masonry-image-container\" ><img width=\"705\" height=\"470\" class=\"wp-image-181 avia-img-lazy-loading-not-181\"  src=\"http:\/\/textistmeinding.de\/wp-content\/uploads\/2020\/11\/Core-1-705x470.jpg\" title=\"Core 1\" alt=\"\" srcset=\"http:\/\/textistmeinding.de\/wp-content\/uploads\/2020\/11\/Core-1-705x470.jpg 705w, http:\/\/textistmeinding.de\/wp-content\/uploads\/2020\/11\/Core-1-300x200.jpg 300w, http:\/\/textistmeinding.de\/wp-content\/uploads\/2020\/11\/Core-1-768x512.jpg 768w, http:\/\/textistmeinding.de\/wp-content\/uploads\/2020\/11\/Core-1.jpg 1000w\" sizes=\"(max-width: 705px) 100vw, 705px\" \/><\/div><\/div><\/figure><\/a><!--end av-masonry entry--><\/div><\/div><\/div>\n","protected":false},"excerpt":{"rendered":"","protected":false},"author":1,"featured_media":0,"parent":0,"menu_order":0,"comment_status":"closed","ping_status":"closed","template":"","meta":[],"_links":{"self":[{"href":"http:\/\/textistmeinding.de\/text-ist-mein-ding\/wp-json\/wp\/v2\/pages\/139"}],"collection":[{"href":"http:\/\/textistmeinding.de\/text-ist-mein-ding\/wp-json\/wp\/v2\/pages"}],"about":[{"href":"http:\/\/textistmeinding.de\/text-ist-mein-ding\/wp-json\/wp\/v2\/types\/page"}],"author":[{"embeddable":true,"href":"http:\/\/textistmeinding.de\/text-ist-mein-ding\/wp-json\/wp\/v2\/users\/1"}],"replies":[{"embeddable":true,"href":"http:\/\/textistmeinding.de\/text-ist-mein-ding\/wp-json\/wp\/v2\/comments?post=139"}],"version-history":[{"count":5,"href":"http:\/\/textistmeinding.de\/text-ist-mein-ding\/wp-json\/wp\/v2\/pages\/139\/revisions"}],"predecessor-version":[{"id":240,"href":"http:\/\/textistmeinding.de\/text-ist-mein-ding\/wp-json\/wp\/v2\/pages\/139\/revisions\/240"}],"wp:attachment":[{"href":"http:\/\/textistmeinding.de\/text-ist-mein-ding\/wp-json\/wp\/v2\/media?parent=139"}],"curies":[{"name":"wp","href":"https:\/\/api.w.org\/{rel}","templated":true}]}}