{"id":141,"date":"2020-12-08T21:50:15","date_gmt":"2020-12-08T20:50:15","guid":{"rendered":"http:\/\/textistmeinding.de\/?page_id=141"},"modified":"2020-12-08T22:08:57","modified_gmt":"2020-12-08T21:08:57","slug":"ellen-hochstein-fachberaterin-stress-und-burnout-ihk","status":"publish","type":"page","link":"http:\/\/textistmeinding.de\/text-ist-mein-ding\/ellen-hochstein-fachberaterin-stress-und-burnout-ihk\/","title":{"rendered":"Ellen Hochstein &#8211; Fachberaterin Stress und Burnout (IHK)"},"content":{"rendered":"<div id='av_section_1'  class='avia-section main_color avia-section-default avia-no-border-styling  avia-bg-style-scroll  avia-builder-el-0  avia-builder-el-no-sibling   container_wrap fullsize' style='background-color: #a5e0ef;  '  ><div class='container' ><main  role=\"main\" itemprop=\"mainContentOfPage\"  class='template-page content  av-content-full alpha units'><div class='post-entry post-entry-type-page post-entry-141'><div class='entry-content-wrapper clearfix'>\n<div class=\"flex_column av_one_half  flex_column_div av-zero-column-padding first  avia-builder-el-1  el_before_av_one_half  avia-builder-el-first  \" style='border-radius:0px; '><p><div  style='padding-bottom:10px; color:#000000;' class='av-special-heading av-special-heading-h1 custom-color-heading   avia-builder-el-2  el_before_av_hr  avia-builder-el-first  '><h1 class='av-special-heading-tag '  itemprop=\"headline\"  >Ellen Hochstein &#8211; Fachberaterin Stress und Burnout (IHK)<\/h1><div class='special-heading-border'><div class='special-heading-inner-border' style='border-color:#000000'><\/div><\/div><\/div><br \/>\n<div   class='hr hr-big   avia-builder-el-3  el_after_av_heading  el_before_av_textblock '><span class='hr-inner ' ><span class='hr-inner-style'><\/span><\/span><\/div><br \/>\n<section class=\"av_textblock_section \"  itemscope=\"itemscope\" itemtype=\"https:\/\/schema.org\/CreativeWork\" ><div class='avia_textblock  av_inherit_color  av-medium-font-size-overwrite av-medium-font-size-16 av-small-font-size-overwrite av-small-font-size-14 av-mini-font-size-overwrite av-mini-font-size-14'  style='font-size:18px; color:#000000; '  itemprop=\"text\" ><p>F\u00fcr Ellen hab&#8216; ich ihre Vorstellung einer einfachen und informativen <a href=\"https:\/\/stressistenz.de\/\" target=\"_blank\" rel=\"noopener noreferrer\">Homepage<\/a> umgesetzt. Im Prinzip war es die einfachste Arbeit \u00fcberhaupt. Die Vorstellungen waren recht konkret, Fotos und Logo wurden geliefert und um die Texte musste ich mich auch nicht k\u00fcmmern. Wow, ich war\/bin wirklich sehr begeistert. Die Homepage ist ein einfacher One-Pager, der alle n\u00f6tigen Infos liefert und den Kunden einen ersten Eindruck von Ellen, ihrer Arbeit, ihren Motiven und ihrer Vorgehensweise gibt.<\/p>\n<p>Gerade bei One-Pagern mit verh\u00e4ltnism\u00e4\u00dfig (gewollt) wenig content, ist es ungemein wichtig, dass alle Bilder ordentlich vertaggt werden, damit die SEO auch mit wenig Text gut l\u00e4uft und die Homepage und die angebotene Dienstleistung unter den gew\u00e4hlten Keywords ordentlich rankt und vom Kunden guzt gefunden werden kann.<\/p>\n<p>Oder wie ein ehemaliger Chef von mir einmal meinte (danke an <a href=\"https:\/\/www.hermannscherer.com\/\" target=\"_blank\" rel=\"noopener noreferrer\">Hermann Scherer<\/a>): Was nutzt es, gut zu sein, wenn niemand es wei\u00df? Also, SEO ist, neben einem guten oder noch besser einem hervorragenden Produkt, das A und O!<\/p>\n<p>Ellen Page war auch die erste, f\u00fcr die ich eine individuelle 40 angelegt habe. Aber wieso eigentlich dieses Mittel nicht immer nutzen und auch hier ein paar Keywords einbauen. Muss ja nicht sinnlos sein, kann ja content und vielleicht auch Humor haben&#8230;<\/p>\n<\/div><\/section><\/p><\/div><div class=\"flex_column av_one_half  flex_column_div av-zero-column-padding   avia-builder-el-5  el_after_av_one_half  avia-builder-el-last  \" style='border-radius:0px; '><div  class='avia-gallery  avia-gallery-1 deactivate_avia_lazyload avia-gallery-animate avia_animate_when_visible  avia-builder-el-6  avia-builder-el-no-sibling  av-hide-gallery-thumbs'  itemprop=\"image\" itemscope=\"itemscope\" itemtype=\"https:\/\/schema.org\/ImageObject\" ><a class='avia-gallery-big fakeLightbox lightbox avia-gallery-big-crop-thumb ' href='http:\/\/textistmeinding.de\/wp-content\/uploads\/2020\/11\/Ellen-1-Logo-ro-682x1030.png'  data-onclick='1' title='Ellen 1 Logo ro' ><span class='avia-gallery-big-inner'  itemprop=\"thumbnailUrl\" ><img class=\"wp-image-153 avia-img-lazy-loading-not-153\"  width=\"682\" height=\"1030\" src=\"http:\/\/textistmeinding.de\/wp-content\/uploads\/2020\/11\/Ellen-1-Logo-ro-682x1030.png\" title='Ellen 1 Logo ro' alt='' srcset=\"http:\/\/textistmeinding.de\/wp-content\/uploads\/2020\/11\/Ellen-1-Logo-ro-682x1030.png 682w, http:\/\/textistmeinding.de\/wp-content\/uploads\/2020\/11\/Ellen-1-Logo-ro-199x300.png 199w, http:\/\/textistmeinding.de\/wp-content\/uploads\/2020\/11\/Ellen-1-Logo-ro-768x1160.png 768w, http:\/\/textistmeinding.de\/wp-content\/uploads\/2020\/11\/Ellen-1-Logo-ro-467x705.png 467w, http:\/\/textistmeinding.de\/wp-content\/uploads\/2020\/11\/Ellen-1-Logo-ro.png 816w\" sizes=\"(max-width: 682px) 100vw, 682px\" \/><\/span><\/a><div class='avia-gallery-thumb'> <a href='http:\/\/textistmeinding.de\/wp-content\/uploads\/2020\/11\/Ellen-1-Logo-ro-682x1030.png' data-rel='gallery-1' data-prev-img='http:\/\/textistmeinding.de\/wp-content\/uploads\/2020\/11\/Ellen-1-Logo-ro-682x1030.png' class='first_thumb lightbox ' data-onclick='1' title='Ellen 1 Logo ro'  itemprop=\"thumbnailUrl\"  ><img class=\"wp-image-153 avia-img-lazy-loading-not-153\"   src=\"http:\/\/textistmeinding.de\/wp-content\/uploads\/2020\/11\/Ellen-1-Logo-ro-495x400.png\" width=\"495\" height=\"400\"  title='Ellen 1 Logo ro' alt='' \/><\/a> <a href='http:\/\/textistmeinding.de\/wp-content\/uploads\/2020\/11\/Header-Logo-600-px.png' data-rel='gallery-1' data-prev-img='http:\/\/textistmeinding.de\/wp-content\/uploads\/2020\/11\/Header-Logo-600-px.png' class='lightbox ' data-onclick='2' title='Header Logo 600 px'  itemprop=\"thumbnailUrl\"  ><img class=\"wp-image-152 avia-img-lazy-loading-not-152\"   src=\"http:\/\/textistmeinding.de\/wp-content\/uploads\/2020\/11\/Header-Logo-600-px-495x400.png\" width=\"495\" height=\"400\"  title='Header Logo 600 px' alt='' \/><\/a> <a href='http:\/\/textistmeinding.de\/wp-content\/uploads\/2020\/11\/404.png' data-rel='gallery-1' data-prev-img='http:\/\/textistmeinding.de\/wp-content\/uploads\/2020\/11\/404.png' class='lightbox ' data-onclick='3' title='404'  itemprop=\"thumbnailUrl\"  ><img class=\"wp-image-151 avia-img-lazy-loading-not-151\"   src=\"http:\/\/textistmeinding.de\/wp-content\/uploads\/2020\/11\/404-495x400.png\" width=\"495\" height=\"400\"  title='404' alt='' srcset=\"http:\/\/textistmeinding.de\/wp-content\/uploads\/2020\/11\/404-495x400.png 495w, http:\/\/textistmeinding.de\/wp-content\/uploads\/2020\/11\/404-845x684.png 845w\" sizes=\"(max-width: 495px) 100vw, 495px\" \/><\/a><\/div><\/div><\/div>\n","protected":false},"excerpt":{"rendered":"","protected":false},"author":1,"featured_media":0,"parent":0,"menu_order":0,"comment_status":"closed","ping_status":"closed","template":"","meta":[],"_links":{"self":[{"href":"http:\/\/textistmeinding.de\/text-ist-mein-ding\/wp-json\/wp\/v2\/pages\/141"}],"collection":[{"href":"http:\/\/textistmeinding.de\/text-ist-mein-ding\/wp-json\/wp\/v2\/pages"}],"about":[{"href":"http:\/\/textistmeinding.de\/text-ist-mein-ding\/wp-json\/wp\/v2\/types\/page"}],"author":[{"embeddable":true,"href":"http:\/\/textistmeinding.de\/text-ist-mein-ding\/wp-json\/wp\/v2\/users\/1"}],"replies":[{"embeddable":true,"href":"http:\/\/textistmeinding.de\/text-ist-mein-ding\/wp-json\/wp\/v2\/comments?post=141"}],"version-history":[{"count":10,"href":"http:\/\/textistmeinding.de\/text-ist-mein-ding\/wp-json\/wp\/v2\/pages\/141\/revisions"}],"predecessor-version":[{"id":230,"href":"http:\/\/textistmeinding.de\/text-ist-mein-ding\/wp-json\/wp\/v2\/pages\/141\/revisions\/230"}],"wp:attachment":[{"href":"http:\/\/textistmeinding.de\/text-ist-mein-ding\/wp-json\/wp\/v2\/media?parent=141"}],"curies":[{"name":"wp","href":"https:\/\/api.w.org\/{rel}","templated":true}]}}