{"id":199,"date":"2020-12-08T22:53:07","date_gmt":"2020-12-08T21:53:07","guid":{"rendered":"http:\/\/textistmeinding.de\/?page_id=199"},"modified":"2021-03-09T08:56:27","modified_gmt":"2021-03-09T07:56:27","slug":"traffic-productions","status":"publish","type":"page","link":"http:\/\/textistmeinding.de\/text-ist-mein-ding\/traffic-productions\/","title":{"rendered":"Traffic Productions"},"content":{"rendered":"<div id='av_section_1'  class='avia-section main_color avia-section-default avia-no-border-styling  avia-bg-style-scroll  avia-builder-el-0  avia-builder-el-no-sibling   container_wrap fullsize' style=' '  ><div class='container' ><main  role=\"main\" itemprop=\"mainContentOfPage\"  class='template-page content  av-content-full alpha units'><div class='post-entry post-entry-type-page post-entry-199'><div class='entry-content-wrapper clearfix'>\n<div class=\"flex_column av_one_half  flex_column_div av-zero-column-padding first  avia-builder-el-1  el_before_av_one_half  avia-builder-el-first  \" style='border-radius:0px; '><p><div  style='padding-bottom:10px; color:#000000;font-size:50px;' class='av-special-heading av-special-heading-h1 custom-color-heading blockquote modern-quote  avia-builder-el-2  el_before_av_hr  avia-builder-el-first  av-inherit-size '><h1 class='av-special-heading-tag '  itemprop=\"headline\"  >TRAFFIC Productions<\/h1><div class='special-heading-border'><div class='special-heading-inner-border' style='border-color:#000000'><\/div><\/div><\/div><br \/>\n<div   class='hr hr-default   avia-builder-el-3  el_after_av_heading  el_before_av_textblock '><span class='hr-inner ' ><span class='hr-inner-style'><\/span><\/span><\/div><br \/>\n<section class=\"av_textblock_section \"  itemscope=\"itemscope\" itemtype=\"https:\/\/schema.org\/CreativeWork\" ><div class='avia_textblock  av_inherit_color '  style='font-size:24px; color:#000000; '  itemprop=\"text\" ><p>Tja, was soll ich sagen? F\u00fcr die TRAFFIC (man beachte, TRAFFIC schreibt man IMMER versal, will sagen in Gro\u00dfbuchstaben!) habe ich ungef\u00e4hr ein dreiviertel Jahr als Texter und Digital Marketing Manager gearbeitet, danach war f\u00fcr mich, wie auch f\u00fcr die anderen des Standorts in Rhens, leider Schluss. Schade, wir waren ein tolles Team, bestehend aus Grafikern (vor allem M\u00e4dels), Produktmanagern und mir, wobei rein zuf\u00e4llig ICH f\u00fcr die Texte verantwortlich war.<\/p>\n<p>Im Prinzip habe ich alles getextet und lektoriert: Claims und Produktbeschreibungen f\u00fcr Parfums, Cr\u00e8mes und Nahrungserg\u00e4nzungsmittel, s\u00e4mtliche Pitches mit denen wir uns um Jobs bei gro\u00dfen Kunden (u.a. einer gro\u00dfen Discounter-Kette, die immer noch im Familienbesitz zweier Br\u00fcder ist) beworben haben. Aber auch so einfache, kleine Projekte wie Wahlkampf-Flyer f\u00fcr die CDU Dieblich (und das obwohl ich mich eher als Sozialdemokrat bezeichnen w\u00fcrde. Allerdings siegt hier nat\u00fcrlich die professionelle Haltung zur Arbeit \u00fcber die pers\u00f6nliche politische Einstellung, selbstverst\u00e4ndlich). Nebenan seht ihr den fertig lektorierten &amp; fertig gesetzten Flyer.<\/p>\n<\/div><\/section><\/p><\/div><div class=\"flex_column av_one_half  flex_column_div av-zero-column-padding   avia-builder-el-5  el_after_av_one_half  avia-builder-el-last  \" style='border-radius:0px; '><p><div  class='avia-image-container  av-styling-    avia-builder-el-6  el_before_av_image  avia-builder-el-first  avia-align-center '  itemprop=\"image\" itemscope=\"itemscope\" itemtype=\"https:\/\/schema.org\/ImageObject\"  ><div class='avia-image-container-inner'><div class='avia-image-overlay-wrap'><img class='wp-image-307 avia-img-lazy-loading-not-307 avia_image' src=\"http:\/\/textistmeinding.de\/wp-content\/uploads\/2021\/03\/0-1021x1030.jpg\" alt='' title='' height=\"1030\" width=\"1021\"  itemprop=\"thumbnailUrl\" srcset=\"http:\/\/textistmeinding.de\/wp-content\/uploads\/2021\/03\/0-1021x1030.jpg 1021w, http:\/\/textistmeinding.de\/wp-content\/uploads\/2021\/03\/0-297x300.jpg 297w, http:\/\/textistmeinding.de\/wp-content\/uploads\/2021\/03\/0-80x80.jpg 80w, http:\/\/textistmeinding.de\/wp-content\/uploads\/2021\/03\/0-768x775.jpg 768w, http:\/\/textistmeinding.de\/wp-content\/uploads\/2021\/03\/0-36x36.jpg 36w, http:\/\/textistmeinding.de\/wp-content\/uploads\/2021\/03\/0-699x705.jpg 699w, http:\/\/textistmeinding.de\/wp-content\/uploads\/2021\/03\/0.jpg 1184w\" sizes=\"(max-width: 1021px) 100vw, 1021px\" \/><\/div><\/div><\/div><br \/>\n<div  class='avia-image-container  av-styling-    avia-builder-el-7  el_after_av_image  el_before_av_image  avia-align-center '  itemprop=\"image\" itemscope=\"itemscope\" itemtype=\"https:\/\/schema.org\/ImageObject\"  ><div class='avia-image-container-inner'><div class='avia-image-overlay-wrap'><img class='wp-image-308 avia-img-lazy-loading-not-308 avia_image' src=\"http:\/\/textistmeinding.de\/wp-content\/uploads\/2021\/03\/0-1-1026x1030.jpg\" alt='' title='' height=\"1030\" width=\"1026\"  itemprop=\"thumbnailUrl\" srcset=\"http:\/\/textistmeinding.de\/wp-content\/uploads\/2021\/03\/0-1-1026x1030.jpg 1026w, http:\/\/textistmeinding.de\/wp-content\/uploads\/2021\/03\/0-1-300x300.jpg 300w, http:\/\/textistmeinding.de\/wp-content\/uploads\/2021\/03\/0-1-80x80.jpg 80w, http:\/\/textistmeinding.de\/wp-content\/uploads\/2021\/03\/0-1-768x771.jpg 768w, http:\/\/textistmeinding.de\/wp-content\/uploads\/2021\/03\/0-1-36x36.jpg 36w, http:\/\/textistmeinding.de\/wp-content\/uploads\/2021\/03\/0-1-180x180.jpg 180w, http:\/\/textistmeinding.de\/wp-content\/uploads\/2021\/03\/0-1-702x705.jpg 702w, http:\/\/textistmeinding.de\/wp-content\/uploads\/2021\/03\/0-1.jpg 1192w\" sizes=\"(max-width: 1026px) 100vw, 1026px\" \/><\/div><\/div><\/div><br \/>\n<div  class='avia-image-container  av-styling-    avia-builder-el-8  el_after_av_image  avia-builder-el-last  avia-align-center '  itemprop=\"image\" itemscope=\"itemscope\" itemtype=\"https:\/\/schema.org\/ImageObject\"  ><div class='avia-image-container-inner'><div class='avia-image-overlay-wrap'><img class='wp-image-309 avia-img-lazy-loading-not-309 avia_image' src=\"http:\/\/textistmeinding.de\/wp-content\/uploads\/2021\/03\/0-2-1030x1030.jpg\" alt='' title='' height=\"1030\" width=\"1030\"  itemprop=\"thumbnailUrl\" srcset=\"http:\/\/textistmeinding.de\/wp-content\/uploads\/2021\/03\/0-2-1030x1030.jpg 1030w, http:\/\/textistmeinding.de\/wp-content\/uploads\/2021\/03\/0-2-300x300.jpg 300w, http:\/\/textistmeinding.de\/wp-content\/uploads\/2021\/03\/0-2-80x80.jpg 80w, http:\/\/textistmeinding.de\/wp-content\/uploads\/2021\/03\/0-2-768x767.jpg 768w, http:\/\/textistmeinding.de\/wp-content\/uploads\/2021\/03\/0-2-36x36.jpg 36w, http:\/\/textistmeinding.de\/wp-content\/uploads\/2021\/03\/0-2-180x180.jpg 180w, http:\/\/textistmeinding.de\/wp-content\/uploads\/2021\/03\/0-2-705x705.jpg 705w, http:\/\/textistmeinding.de\/wp-content\/uploads\/2021\/03\/0-2.jpg 1192w\" sizes=\"(max-width: 1030px) 100vw, 1030px\" \/><\/div><\/div><\/div><\/p><\/div>\n","protected":false},"excerpt":{"rendered":"","protected":false},"author":1,"featured_media":0,"parent":0,"menu_order":0,"comment_status":"closed","ping_status":"closed","template":"","meta":[],"_links":{"self":[{"href":"http:\/\/textistmeinding.de\/text-ist-mein-ding\/wp-json\/wp\/v2\/pages\/199"}],"collection":[{"href":"http:\/\/textistmeinding.de\/text-ist-mein-ding\/wp-json\/wp\/v2\/pages"}],"about":[{"href":"http:\/\/textistmeinding.de\/text-ist-mein-ding\/wp-json\/wp\/v2\/types\/page"}],"author":[{"embeddable":true,"href":"http:\/\/textistmeinding.de\/text-ist-mein-ding\/wp-json\/wp\/v2\/users\/1"}],"replies":[{"embeddable":true,"href":"http:\/\/textistmeinding.de\/text-ist-mein-ding\/wp-json\/wp\/v2\/comments?post=199"}],"version-history":[{"count":9,"href":"http:\/\/textistmeinding.de\/text-ist-mein-ding\/wp-json\/wp\/v2\/pages\/199\/revisions"}],"predecessor-version":[{"id":312,"href":"http:\/\/textistmeinding.de\/text-ist-mein-ding\/wp-json\/wp\/v2\/pages\/199\/revisions\/312"}],"wp:attachment":[{"href":"http:\/\/textistmeinding.de\/text-ist-mein-ding\/wp-json\/wp\/v2\/media?parent=199"}],"curies":[{"name":"wp","href":"https:\/\/api.w.org\/{rel}","templated":true}]}}