{"id":12,"date":"2020-10-14T22:35:04","date_gmt":"2020-10-14T20:35:04","guid":{"rendered":"http:\/\/textistmeinding.de\/?page_id=12"},"modified":"2021-04-11T21:18:33","modified_gmt":"2021-04-11T19:18:33","slug":"text-ist-mein-ding","status":"publish","type":"page","link":"https:\/\/textistmeinding.de\/text-ist-mein-ding\/","title":{"rendered":"Text ist mein Ding"},"content":{"rendered":"<div id='layer_slider_1'  class='avia-layerslider main_color avia-shadow  avia-builder-el-0  el_before_av_one_half  avia-builder-el-first  container_wrap fullsize' style='  height: 721px; max-width: 1280px; margin: 0 auto;' ><\/div><div id='after_layer_slider_1'  class='main_color av_default_container_wrap container_wrap fullsize' style=' '  ><div class='container' ><div class='template-page content  av-content-full alpha units'><div class='post-entry post-entry-type-page post-entry-12'><div class='entry-content-wrapper clearfix'>\n<div class=\"flex_column av_one_half  flex_column_div av-zero-column-padding first  avia-builder-el-1  el_after_av_layerslider  el_before_av_one_half  avia-builder-el-first  \" style='border-radius:0px; '><div  class='avia-image-container  av-styling-    avia-builder-el-2  avia-builder-el-no-sibling  avia-align-center '  itemprop=\"image\" itemscope=\"itemscope\" itemtype=\"https:\/\/schema.org\/ImageObject\"  ><div class='avia-image-container-inner'><div class='avia-image-overlay-wrap'><img class='wp-image-41 avia-img-lazy-loading-not-41 avia_image' src=\"https:\/\/textistmeinding.de\/wp-content\/uploads\/2020\/10\/Ich-1-1.png\" alt='Frank Livani - Lektor und Texter' title='Text ist genau mein Ding, Sprache ist meine Leidenschaft' height=\"321\" width=\"845\"  itemprop=\"thumbnailUrl\" srcset=\"https:\/\/textistmeinding.de\/wp-content\/uploads\/2020\/10\/Ich-1-1.png 845w, https:\/\/textistmeinding.de\/wp-content\/uploads\/2020\/10\/Ich-1-1-300x114.png 300w, https:\/\/textistmeinding.de\/wp-content\/uploads\/2020\/10\/Ich-1-1-768x292.png 768w, https:\/\/textistmeinding.de\/wp-content\/uploads\/2020\/10\/Ich-1-1-705x268.png 705w\" sizes=\"(max-width: 845px) 100vw, 845px\" \/><\/div><\/div><\/div><\/div>\n<div class=\"flex_column av_one_half  flex_column_div av-zero-column-padding   avia-builder-el-3  el_after_av_one_half  el_before_av_hr  \" style='border-radius:0px; '><div  style='padding-bottom:10px; font-size:100px;' class='av-special-heading av-special-heading-h1  blockquote modern-quote  avia-builder-el-4  avia-builder-el-no-sibling  av-inherit-size '><h1 class='av-special-heading-tag '  itemprop=\"headline\"  >FRANK LIVANI<\/h1><div class ='av-subheading av-subheading_below  ' style='font-size:40px;'><p>Texter, Lektor &amp; Schriftsteller<\/p>\n<\/div><div class='special-heading-border'><div class='special-heading-inner-border' ><\/div><\/div><\/div><\/div>\n<div   class='hr hr-default   avia-builder-el-5  el_after_av_one_half  el_before_av_one_half '><span class='hr-inner ' ><span class='hr-inner-style'><\/span><\/span><\/div>\n<div class=\"flex_column av_one_half  flex_column_div av-zero-column-padding first  avia-builder-el-6  el_after_av_hr  el_before_av_one_half  \" style='border-radius:0px; '><section class=\"av_textblock_section \"  itemscope=\"itemscope\" itemtype=\"https:\/\/schema.org\/CreativeWork\" ><div class='avia_textblock  av_inherit_color '  style='font-size:18px; color:#000000; '  itemprop=\"text\" ><h1><strong>PERSONAL PROFILE<\/strong><\/h1>\n<p>Ich bin 45 Jahre alt, verheiratet. Seit ich 12 bin schreibe ich. Jede Menge. Jedes Genre. Immer und immer wieder. Drehbuch, Gedicht, Roman, Sachbuch, Produktbeschreibung, Werbe-Claim.<\/p>\n<p>Ich lektoriere alles, korrigiere alles.<\/p>\n<p>Nicht immer zur Freude aller, aber auf geheuchelte Freude kann ich auch pfeifen.<\/p>\n<h1><strong>SKILLS AND ABILITIES<\/strong><\/h1>\n<ul>\n<li>Argus-Augen (den Fehler, den ich nicht sehe, der steht auch nirgendwo. Und selbst wenn er nirgendwo steht, find&#8216; ich ihn immer noch!)<\/li>\n<li>social-media-Power (vielleicht ist das der Untergang des amerikanischen Imperiums, vielleicht aber auch nicht, str\u00e4uben k\u00f6nnen wir uns, verhindern k\u00f6nnen wir es jedoch nicht)<\/li>\n<li>DEKRA-gepr\u00fcfte Fachkraft f\u00fcr Datenschutz (was f\u00fcr eine trockene juristische Kacke. Will keiner, braucht aber jeder, denn wir m\u00fcssen Herr \u00fcber unsere eigenen Daten sein und bleiben!)<\/li>\n<li>sehr gutes Sprachgef\u00fchl (und sehr gut ist wohl der Euphemismus des Jahrhunderts)<\/li>\n<li>Teamplayer (ich liebe es, wenn ein Plan funktioniert!)<\/li>\n<li>begeisterungsf\u00e4hig (yeah, das bedarf nun echt keiner Worte. Ich mag es, mich in fremde Themen einzuarbeiten, ich schmettere nicht grunds\u00e4tzlich neue Ideen ab, sondern nehme sie an und empfinde die auftretenden Probleme bei der Umsetzung als Herausforderung)<\/li>\n<li>sehr gutes technisches Verst\u00e4ndnis (herrje, mir kann man den rechten Arm auf den R\u00fccken binden und ich zerlege dennoch den Boxermotor einer 2-Ventil BMW innerhalb einer Stunde. Und ich erkl\u00e4re einem nichtsahnenden Mopped-Fahrer, wieso das Dingen l\u00e4uft, oder auch nicht l\u00e4uft)<\/li>\n<li>wordpress und magento (ALLE meine Seiten habe ich selbst gestaltet und umgesetzt)<\/li>\n<\/ul>\n<h1><strong>OTHER SKILLS<\/strong><\/h1>\n<p>Ich kann alles lernen. Und das muss ich auch, denn bei jedem meiner Restaurations-Projekte gibt es neue spannende Herausforderungen, gilt es, die Besonderheiten der Technik zu analysieren und zu verstehen.<\/p>\n<p>Genauso, wie bei jedem neuen Thema, in das ich mich reinfuchse und jedem Text, den ich lektoriere. Ich spreche und schreibe ein mehr als passables Englisch. Humor, Satire, Ironie und tiefere Bedeutung beherrsche ich flie\u00dfend.<\/p>\n<p>In meiner Freizeit schraube ich nicht nur an klassischen Motorr\u00e4dern, sondern ich schreibe meine Erfahrungen der Restaurationen in meinem eigenen Blog (www.franklivani.de) nieder und ab und an auch f\u00fcr das Magazin eines befreundeten Journalisten (www.nippon-classic.de).<\/p>\n<\/div><\/section><\/div>\n<div class=\"flex_column av_one_half  flex_column_div av-zero-column-padding   avia-builder-el-8  el_after_av_one_half  avia-builder-el-last  \" style='border-radius:0px; '><section class=\"av_textblock_section \"  itemscope=\"itemscope\" itemtype=\"https:\/\/schema.org\/CreativeWork\" ><div class='avia_textblock  av_inherit_color '  style='font-size:18px; color:#000000; '  itemprop=\"text\" ><h1><strong>EMPLOYMENT HISTORY<\/strong><\/h1>\n<h3>digital marketing manager<\/h3>\n<p>meine letzte Festanstellung als digital marketing manager hatte ich bei der TRAFFIC, dort lektorierte und fertigte ich interne Texte, sowie Pitches, mit denen wir uns bei Kunden beworben haben. Ich \u00fcberwachte die Erstellung von Pr\u00e4sentationen, erstellte Konzepte &amp; Biographien f\u00fcr digitale Testimonials, verfasste Werbe-Claims und Produktbeschreibungen f\u00fcr alle Arten von Produkten (wirklich ALLE Arten). Auch die Verwaltung unserer zahlreichen domains oblag meiner Person.<\/p>\n<p>F\u00fcr die docPrice scriptete ich alle Texte f\u00fcr das digitale Marketing, k\u00fcmmerte mich um die Influencer, den Instagram- und Facebook- Account, sowie unsere Verkaufsaktivit\u00e4ten auf Amazon. Die SEO war ebenso meine Aufgabe.<\/p>\n<h3>self-employed<\/h3>\n<p>Selbstst\u00e4ndigkeit als digital marketing manager und Datensch\u00fctzer f\u00fcr kleine und mittelst\u00e4ndische Unternehmen, sowie ghostwriter f\u00fcr einige unbenannte Autoren.<\/p>\n<h3>assistant of the management<\/h3>\n<p>Assistent der Gesch\u00e4ftsleitung bei Hermann Scherer, verantwortlich f\u00fcr die Organisation aller Veranstaltungen (inkl. New York Masterclass), f\u00fcr das email-Marketing, Social-Media-Marketing, die Homepage, Erstellung und Vertrieb der Produkte, Presse- und \u00d6ffentlichkeitsarbeit, Digitalisierung, Lektorat der aktuellen Buchprojekte, Lektorat der Reden, etc.<\/p>\n<h1><strong>ACADEMIC PROFILE<\/strong><\/h1>\n<h3>Rheinische-Friedrich-Wilhelms-Universit\u00e4t Bonn<\/h3>\n<ul>\n<li>Studienabschluss als Magister Artium in Politikwissenschaft, Philosophie und neuere Germanistik<\/li>\n<li>Mitglied der Hochschulinteressengemeinschaft &#8222;Jugend in den Medien&#8220;<\/li>\n<li>Mitglied der B\u00fcrgerfunk-Initiative Studio 1 e.V. (ehrenamtlicher Sonntags CvD)<\/li>\n<\/ul>\n<\/div><\/section><\/div>\n","protected":false},"excerpt":{"rendered":"","protected":false},"author":1,"featured_media":0,"parent":0,"menu_order":0,"comment_status":"closed","ping_status":"closed","template":"","meta":[],"_links":{"self":[{"href":"https:\/\/textistmeinding.de\/text-ist-mein-ding\/wp-json\/wp\/v2\/pages\/12"}],"collection":[{"href":"https:\/\/textistmeinding.de\/text-ist-mein-ding\/wp-json\/wp\/v2\/pages"}],"about":[{"href":"https:\/\/textistmeinding.de\/text-ist-mein-ding\/wp-json\/wp\/v2\/types\/page"}],"author":[{"embeddable":true,"href":"https:\/\/textistmeinding.de\/text-ist-mein-ding\/wp-json\/wp\/v2\/users\/1"}],"replies":[{"embeddable":true,"href":"https:\/\/textistmeinding.de\/text-ist-mein-ding\/wp-json\/wp\/v2\/comments?post=12"}],"version-history":[{"count":10,"href":"https:\/\/textistmeinding.de\/text-ist-mein-ding\/wp-json\/wp\/v2\/pages\/12\/revisions"}],"predecessor-version":[{"id":385,"href":"https:\/\/textistmeinding.de\/text-ist-mein-ding\/wp-json\/wp\/v2\/pages\/12\/revisions\/385"}],"wp:attachment":[{"href":"https:\/\/textistmeinding.de\/text-ist-mein-ding\/wp-json\/wp\/v2\/media?parent=12"}],"curies":[{"name":"wp","href":"https:\/\/api.w.org\/{rel}","templated":true}]}}