{"id":143,"date":"2020-12-08T22:38:30","date_gmt":"2020-12-08T21:38:30","guid":{"rendered":"http:\/\/textistmeinding.de\/?page_id=143"},"modified":"2020-12-08T22:38:31","modified_gmt":"2020-12-08T21:38:31","slug":"tobias-lang-physiotherapeut-in-michelstadt","status":"publish","type":"page","link":"https:\/\/textistmeinding.de\/text-ist-mein-ding\/tobias-lang-physiotherapeut-in-michelstadt\/","title":{"rendered":"Tobias Lang \u2013 Physiotherapeut in Michelstadt"},"content":{"rendered":"<div id='av_section_1'  class='avia-section main_color avia-section-default avia-no-border-styling  avia-bg-style-scroll  avia-builder-el-0  avia-builder-el-no-sibling   container_wrap fullsize' style=' '  ><div class='container' ><main  role=\"main\" itemprop=\"mainContentOfPage\"  class='template-page content  av-content-full alpha units'><div class='post-entry post-entry-type-page post-entry-143'><div class='entry-content-wrapper clearfix'>\n<div class=\"flex_column av_one_half  flex_column_div av-zero-column-padding first  avia-builder-el-1  el_before_av_one_half  avia-builder-el-first  \" style='border-radius:0px; '><p><div  style='padding-bottom:10px; ' class='av-special-heading av-special-heading-h1    avia-builder-el-2  el_before_av_hr  avia-builder-el-first  '><h1 class='av-special-heading-tag '  itemprop=\"headline\"  >Tobias Lang \u2013 Ihr Physiotherapeut f\u00fcr individuelle Behandlungskonzepte in Michelstadt<\/h1><div class='special-heading-border'><div class='special-heading-inner-border' ><\/div><\/div><\/div><br \/>\n<div   class='hr hr-default   avia-builder-el-3  el_after_av_heading  el_before_av_textblock '><span class='hr-inner ' ><span class='hr-inner-style'><\/span><\/span><\/div><br \/>\n<section class=\"av_textblock_section \"  itemscope=\"itemscope\" itemtype=\"https:\/\/schema.org\/CreativeWork\" ><div class='avia_textblock  av_inherit_color '  style='font-size:18px; color:#000000; '  itemprop=\"text\" ><p>Bei Tobi war es alles andere als einfach, eine Vorstellung von seinen Zielen und W\u00fcnschen in Bezug auf die <a href=\"https:\/\/t-lang.de\/\" target=\"_blank\" rel=\"noopener noreferrer\">Homepage<\/a> zu bekommen. Erst als wir uns pers\u00f6nlich trafen und das grobe Ger\u00fcst der Page vorbereiteten, ging es vorw\u00e4rts. Nat\u00fcrlich hat f\u00fcr Ein-Mann-Unternehmen immer das Tagesgesch\u00e4ft Vorrang (deshalb war auch die Koordination eines gemeinsamen Termins schwer), aber wenn man die digitale Pr\u00e4senz au\u00dfer acht l\u00e4sst, wird die Akquise neuer Kunden schon eher schwierig.<\/p>\n<p>Die Domain war bereits gemietet und mit einer Musterpage versehen. Allerdings halt nur mit dem Baukastensystem des Hosters. War suboptimal, wie sich herausstellte. Das Umschalten auf WordPress ging leider nicht so einfach, wie gedacht. Au\u00dferdem musste ich mich auf ein spezielles Physio-Theme einstellen. das sieht zwar gut aus, hat auch nette Features, war aber halt vor allem und in erster Linie f\u00fcr den amerikanischen Markt ausgelegt.<\/p>\n<p>Leider hatte Tobi auch viel zu wenig Zeit sich die Texte vorzunehmen oder gar schon texte vorzubereiten, daher sind viele der angedachten Kategorien noch leer. Es handelt sich halt bei den Zusatzausbildungen um sehr spezifische medizinische Handlungsfelder zu denen ich tats\u00e4chlich kaum etwas schreiben kann.<\/p>\n<\/div><\/section><\/p><\/div><div class=\"flex_column av_one_half  flex_column_div av-zero-column-padding   avia-builder-el-5  el_after_av_one_half  avia-builder-el-last  \" style='border-radius:0px; '><div id='av-masonry-1' class='av-masonry  noHover av-flex-size av-large-gap av-hover-overlay-active av-masonry-animation-active av-masonry-col-2 av-caption-always av-caption-style- av-masonry-gallery     '  ><div class='av-masonry-container isotope av-js-disabled ' ><div class='av-masonry-entry isotope-item av-masonry-item-no-image '><\/div><a href=\"https:\/\/textistmeinding.de\/wp-content\/uploads\/2020\/11\/TOBIAS-LANG-Icon-HP.png\"  aria-label=\"image TOBIAS LANG Icon HP\"  id='av-masonry-1-item-194' data-av-masonry-item='194' class='av-masonry-entry isotope-item post-194 attachment type-attachment status-inherit hentry  av-masonry-item-with-image' title=\"TOBIAS LANG Icon HP\" alt=\"\"   itemprop=\"thumbnailUrl\" ><div class='av-inner-masonry-sizer'><\/div><figure class='av-inner-masonry main_color'><div class=\"av-masonry-outerimage-container\"><div class=\"av-masonry-image-container\" ><img width=\"512\" height=\"512\" class=\"wp-image-194 avia-img-lazy-loading-not-194\"  src=\"https:\/\/textistmeinding.de\/wp-content\/uploads\/2020\/11\/TOBIAS-LANG-Icon-HP.png\" title=\"TOBIAS LANG Icon HP\" alt=\"\" srcset=\"https:\/\/textistmeinding.de\/wp-content\/uploads\/2020\/11\/TOBIAS-LANG-Icon-HP.png 512w, https:\/\/textistmeinding.de\/wp-content\/uploads\/2020\/11\/TOBIAS-LANG-Icon-HP-300x300.png 300w, https:\/\/textistmeinding.de\/wp-content\/uploads\/2020\/11\/TOBIAS-LANG-Icon-HP-80x80.png 80w, https:\/\/textistmeinding.de\/wp-content\/uploads\/2020\/11\/TOBIAS-LANG-Icon-HP-36x36.png 36w, https:\/\/textistmeinding.de\/wp-content\/uploads\/2020\/11\/TOBIAS-LANG-Icon-HP-180x180.png 180w\" sizes=\"(max-width: 512px) 100vw, 512px\" \/><\/div><\/div><\/figure><\/a><!--end av-masonry entry--><a href=\"https:\/\/textistmeinding.de\/wp-content\/uploads\/2020\/11\/Tobi3-1030x402.jpg\"  aria-label=\"image Tobi3\"  id='av-masonry-1-item-193' data-av-masonry-item='193' class='av-masonry-entry isotope-item post-193 attachment type-attachment status-inherit hentry  av-masonry-item-with-image' title=\"Tobi3\" alt=\"\"   itemprop=\"thumbnailUrl\" ><div class='av-inner-masonry-sizer'><\/div><figure class='av-inner-masonry main_color'><div class=\"av-masonry-outerimage-container\"><div class=\"av-masonry-image-container\" ><img width=\"705\" height=\"275\" class=\"wp-image-193 avia-img-lazy-loading-not-193\"  src=\"https:\/\/textistmeinding.de\/wp-content\/uploads\/2020\/11\/Tobi3-705x275.jpg\" title=\"Tobi3\" alt=\"\" srcset=\"https:\/\/textistmeinding.de\/wp-content\/uploads\/2020\/11\/Tobi3-705x275.jpg 705w, https:\/\/textistmeinding.de\/wp-content\/uploads\/2020\/11\/Tobi3-300x117.jpg 300w, https:\/\/textistmeinding.de\/wp-content\/uploads\/2020\/11\/Tobi3-1030x402.jpg 1030w, https:\/\/textistmeinding.de\/wp-content\/uploads\/2020\/11\/Tobi3-768x300.jpg 768w, https:\/\/textistmeinding.de\/wp-content\/uploads\/2020\/11\/Tobi3-1536x600.jpg 1536w, https:\/\/textistmeinding.de\/wp-content\/uploads\/2020\/11\/Tobi3-1500x586.jpg 1500w, https:\/\/textistmeinding.de\/wp-content\/uploads\/2020\/11\/Tobi3.jpg 1920w\" sizes=\"(max-width: 705px) 100vw, 705px\" \/><\/div><\/div><\/figure><\/a><!--end av-masonry entry--><a href=\"https:\/\/textistmeinding.de\/wp-content\/uploads\/2020\/11\/Tobi2-1030x402.png\"  aria-label=\"image Tobi2\"  id='av-masonry-1-item-192' data-av-masonry-item='192' class='av-masonry-entry isotope-item post-192 attachment type-attachment status-inherit hentry  av-masonry-item-with-image' title=\"Tobi2\" alt=\"\"   itemprop=\"thumbnailUrl\" ><div class='av-inner-masonry-sizer'><\/div><figure class='av-inner-masonry main_color'><div class=\"av-masonry-outerimage-container\"><div class=\"av-masonry-image-container\" ><img width=\"705\" height=\"275\" class=\"wp-image-192 avia-img-lazy-loading-not-192\"  src=\"https:\/\/textistmeinding.de\/wp-content\/uploads\/2020\/11\/Tobi2-705x275.png\" title=\"Tobi2\" alt=\"\" srcset=\"https:\/\/textistmeinding.de\/wp-content\/uploads\/2020\/11\/Tobi2-705x275.png 705w, https:\/\/textistmeinding.de\/wp-content\/uploads\/2020\/11\/Tobi2-300x117.png 300w, https:\/\/textistmeinding.de\/wp-content\/uploads\/2020\/11\/Tobi2-1030x402.png 1030w, https:\/\/textistmeinding.de\/wp-content\/uploads\/2020\/11\/Tobi2-768x300.png 768w, https:\/\/textistmeinding.de\/wp-content\/uploads\/2020\/11\/Tobi2-1536x600.png 1536w, https:\/\/textistmeinding.de\/wp-content\/uploads\/2020\/11\/Tobi2-1500x586.png 1500w, https:\/\/textistmeinding.de\/wp-content\/uploads\/2020\/11\/Tobi2.png 1920w\" sizes=\"(max-width: 705px) 100vw, 705px\" \/><\/div><\/div><\/figure><\/a><!--end av-masonry entry--><a href=\"https:\/\/textistmeinding.de\/wp-content\/uploads\/2020\/11\/Tobi1-1030x402.png\"  aria-label=\"image Tobi1\"  id='av-masonry-1-item-191' data-av-masonry-item='191' class='av-masonry-entry isotope-item post-191 attachment type-attachment status-inherit hentry  av-masonry-item-with-image' title=\"Tobi1\" alt=\"\"   itemprop=\"thumbnailUrl\" ><div class='av-inner-masonry-sizer'><\/div><figure class='av-inner-masonry main_color'><div class=\"av-masonry-outerimage-container\"><div class=\"av-masonry-image-container\" ><img width=\"705\" height=\"275\" class=\"wp-image-191 avia-img-lazy-loading-not-191\"  src=\"https:\/\/textistmeinding.de\/wp-content\/uploads\/2020\/11\/Tobi1-705x275.png\" title=\"Tobi1\" alt=\"\" srcset=\"https:\/\/textistmeinding.de\/wp-content\/uploads\/2020\/11\/Tobi1-705x275.png 705w, https:\/\/textistmeinding.de\/wp-content\/uploads\/2020\/11\/Tobi1-300x117.png 300w, https:\/\/textistmeinding.de\/wp-content\/uploads\/2020\/11\/Tobi1-1030x402.png 1030w, https:\/\/textistmeinding.de\/wp-content\/uploads\/2020\/11\/Tobi1-768x300.png 768w, https:\/\/textistmeinding.de\/wp-content\/uploads\/2020\/11\/Tobi1-1536x600.png 1536w, https:\/\/textistmeinding.de\/wp-content\/uploads\/2020\/11\/Tobi1-1500x586.png 1500w, https:\/\/textistmeinding.de\/wp-content\/uploads\/2020\/11\/Tobi1.png 1920w\" sizes=\"(max-width: 705px) 100vw, 705px\" \/><\/div><\/div><\/figure><\/a><!--end av-masonry entry--><\/div><\/div><\/div>\n","protected":false},"excerpt":{"rendered":"","protected":false},"author":1,"featured_media":0,"parent":0,"menu_order":0,"comment_status":"closed","ping_status":"closed","template":"","meta":[],"_links":{"self":[{"href":"https:\/\/textistmeinding.de\/text-ist-mein-ding\/wp-json\/wp\/v2\/pages\/143"}],"collection":[{"href":"https:\/\/textistmeinding.de\/text-ist-mein-ding\/wp-json\/wp\/v2\/pages"}],"about":[{"href":"https:\/\/textistmeinding.de\/text-ist-mein-ding\/wp-json\/wp\/v2\/types\/page"}],"author":[{"embeddable":true,"href":"https:\/\/textistmeinding.de\/text-ist-mein-ding\/wp-json\/wp\/v2\/users\/1"}],"replies":[{"embeddable":true,"href":"https:\/\/textistmeinding.de\/text-ist-mein-ding\/wp-json\/wp\/v2\/comments?post=143"}],"version-history":[{"count":7,"href":"https:\/\/textistmeinding.de\/text-ist-mein-ding\/wp-json\/wp\/v2\/pages\/143\/revisions"}],"predecessor-version":[{"id":242,"href":"https:\/\/textistmeinding.de\/text-ist-mein-ding\/wp-json\/wp\/v2\/pages\/143\/revisions\/242"}],"wp:attachment":[{"href":"https:\/\/textistmeinding.de\/text-ist-mein-ding\/wp-json\/wp\/v2\/media?parent=143"}],"curies":[{"name":"wp","href":"https:\/\/api.w.org\/{rel}","templated":true}]}}