{"id":145,"date":"2020-12-08T20:29:51","date_gmt":"2020-12-08T19:29:51","guid":{"rendered":"http:\/\/textistmeinding.de\/?page_id=145"},"modified":"2020-12-08T20:29:51","modified_gmt":"2020-12-08T19:29:51","slug":"maennerchor-plaidt-der-maennerchor-in-der-pellenz","status":"publish","type":"page","link":"https:\/\/textistmeinding.de\/text-ist-mein-ding\/maennerchor-plaidt-der-maennerchor-in-der-pellenz\/","title":{"rendered":"M\u00e4nnerchor Plaidt &#8211; DER M\u00e4nnerchor in der Pellenz"},"content":{"rendered":"<div id='av_section_1'  class='avia-section main_color avia-section-default avia-no-border-styling  avia-full-stretch avia-bg-style-fixed  avia-builder-el-0  avia-builder-el-no-sibling   container_wrap fullsize' style='background-repeat: no-repeat; background-image: url(https:\/\/textistmeinding.de\/wp-content\/uploads\/2020\/12\/Desktop-1-w.jpg);background-attachment: fixed; background-position: center center;  '  data-section-bg-repeat='stretch'><div class='container' ><main  role=\"main\" itemprop=\"mainContentOfPage\"  class='template-page content  av-content-full alpha units'><div class='post-entry post-entry-type-page post-entry-145'><div class='entry-content-wrapper clearfix'>\n<div class=\"flex_column av_one_half  flex_column_div av-zero-column-padding first  avia-builder-el-1  el_before_av_one_half  avia-builder-el-first  \" style='border-radius:0px; '><p><div  style='padding-bottom:20px; margin:20 20 20 20; color:#593835;' class='av-special-heading av-special-heading-h1 custom-color-heading   avia-builder-el-2  el_before_av_hr  avia-builder-el-first  '><h1 class='av-special-heading-tag '  itemprop=\"headline\"  >M\u00e4nnerchor Plaidt &#8211; DER M\u00e4nnerchor in der Pellenz<\/h1><div class='special-heading-border'><div class='special-heading-inner-border' style='border-color:#593835'><\/div><\/div><\/div><br \/>\n<div   class='hr hr-big   avia-builder-el-3  el_after_av_heading  el_before_av_textblock '><span class='hr-inner ' ><span class='hr-inner-style'><\/span><\/span><\/div><br \/>\n<section class=\"av_textblock_section \"  itemscope=\"itemscope\" itemtype=\"https:\/\/schema.org\/CreativeWork\" ><div class='avia_textblock  av_inherit_color '  style='font-size:18px; color:#590000; '  itemprop=\"text\" ><p>Der M\u00e4nnerchor Plaidt bat mich, eine neue <a href=\"https:\/\/maennerchor-plaidt.de\/\" target=\"_blank\" rel=\"noopener noreferrer\">Homepage<\/a> zu erstellen. Und ich kann meinen alten S\u00e4ngerkollegen diesen Wunsch nat\u00fcrlich nicht abschlagen. Ein neues, frisches Design inklusive eines Sliders im Header sollte es werden. Ein erster Eindruck eines Chors, der sich schon lange gegen das Klischee, der alten saufenden und gr\u00f6lenden M\u00e4nner stemmt. Ich denke, das ist uns ganz gut gelungen. Die Jungs haben Humor bewiesen, allerdings war die Erstellung der Texte, auf Basis der alten Homepage durchaus eine Herausforderung, zumal wenn meine Vorstellungen eines guten Textes von denen des Pressewartes abweichen. Aber was soll ich schon gro\u00df sagen: es hat geklappt, die Homepage steht und allen gef\u00e4llt sie. Inklusive des Impressums und der Datenschutzerkl\u00e4rung, die stammen auch von mir.<\/p>\n<\/div><\/section><\/p><\/div><div class=\"flex_column av_one_half  flex_column_div av-zero-column-padding   avia-builder-el-5  el_after_av_one_half  avia-builder-el-last  \" style='border-radius:0px; '><div id='av-masonry-1' class='av-masonry  noHover av-flex-size av-large-gap av-hover-overlay-active av-masonry-animation-active av-masonry-col-3 av-caption-always av-caption-style- av-masonry-gallery     '  ><div class='av-masonry-container isotope av-js-disabled ' ><div class='av-masonry-entry isotope-item av-masonry-item-no-image '><\/div><a href=\"https:\/\/textistmeinding.de\/wp-content\/uploads\/2020\/11\/IMG_3561.jpg\"  aria-label=\"image IMG_3561\"  id='av-masonry-1-item-161' data-av-masonry-item='161' class='av-masonry-entry isotope-item post-161 attachment type-attachment status-inherit hentry  av-masonry-item-with-image' title=\"\" alt=\"\"   itemprop=\"thumbnailUrl\" ><div class='av-inner-masonry-sizer'><\/div><figure class='av-inner-masonry main_color'><div class=\"av-masonry-outerimage-container\"><div class=\"av-masonry-image-container\" ><img width=\"705\" height=\"470\" class=\"wp-image-161 avia-img-lazy-loading-not-161\"  src=\"https:\/\/textistmeinding.de\/wp-content\/uploads\/2020\/11\/IMG_3561-705x470.jpg\" title=\"IMG_3561\" alt=\"\" srcset=\"https:\/\/textistmeinding.de\/wp-content\/uploads\/2020\/11\/IMG_3561-705x470.jpg 705w, https:\/\/textistmeinding.de\/wp-content\/uploads\/2020\/11\/IMG_3561-300x200.jpg 300w, https:\/\/textistmeinding.de\/wp-content\/uploads\/2020\/11\/IMG_3561-768x511.jpg 768w, https:\/\/textistmeinding.de\/wp-content\/uploads\/2020\/11\/IMG_3561.jpg 1000w\" sizes=\"(max-width: 705px) 100vw, 705px\" \/><\/div><\/div><\/figure><\/a><!--end av-masonry entry--><a href=\"https:\/\/textistmeinding.de\/wp-content\/uploads\/2020\/11\/IMG_3515.jpg\"  aria-label=\"image IMG_3515\"  id='av-masonry-1-item-160' data-av-masonry-item='160' class='av-masonry-entry isotope-item post-160 attachment type-attachment status-inherit hentry  av-masonry-item-with-image' title=\"\" alt=\"\"   itemprop=\"thumbnailUrl\" ><div class='av-inner-masonry-sizer'><\/div><figure class='av-inner-masonry main_color'><div class=\"av-masonry-outerimage-container\"><div class=\"av-masonry-image-container\" ><img width=\"705\" height=\"470\" class=\"wp-image-160 avia-img-lazy-loading-not-160\"  src=\"https:\/\/textistmeinding.de\/wp-content\/uploads\/2020\/11\/IMG_3515-705x470.jpg\" title=\"IMG_3515\" alt=\"\" srcset=\"https:\/\/textistmeinding.de\/wp-content\/uploads\/2020\/11\/IMG_3515-705x470.jpg 705w, https:\/\/textistmeinding.de\/wp-content\/uploads\/2020\/11\/IMG_3515-300x200.jpg 300w, https:\/\/textistmeinding.de\/wp-content\/uploads\/2020\/11\/IMG_3515-768x512.jpg 768w, https:\/\/textistmeinding.de\/wp-content\/uploads\/2020\/11\/IMG_3515.jpg 1000w\" sizes=\"(max-width: 705px) 100vw, 705px\" \/><\/div><\/div><\/figure><\/a><!--end av-masonry entry--><a href=\"https:\/\/textistmeinding.de\/wp-content\/uploads\/2020\/11\/IMG_3513.jpg\"  aria-label=\"image IMG_3513\"  id='av-masonry-1-item-159' data-av-masonry-item='159' class='av-masonry-entry isotope-item post-159 attachment type-attachment status-inherit hentry  av-masonry-item-with-image' title=\"\" alt=\"\"   itemprop=\"thumbnailUrl\" ><div class='av-inner-masonry-sizer'><\/div><figure class='av-inner-masonry main_color'><div class=\"av-masonry-outerimage-container\"><div class=\"av-masonry-image-container\" ><img width=\"705\" height=\"250\" class=\"wp-image-159 avia-img-lazy-loading-not-159\"  src=\"https:\/\/textistmeinding.de\/wp-content\/uploads\/2020\/11\/IMG_3513-705x250.jpg\" title=\"IMG_3513\" alt=\"\" srcset=\"https:\/\/textistmeinding.de\/wp-content\/uploads\/2020\/11\/IMG_3513-705x250.jpg 705w, https:\/\/textistmeinding.de\/wp-content\/uploads\/2020\/11\/IMG_3513-300x106.jpg 300w, https:\/\/textistmeinding.de\/wp-content\/uploads\/2020\/11\/IMG_3513-768x272.jpg 768w, https:\/\/textistmeinding.de\/wp-content\/uploads\/2020\/11\/IMG_3513.jpg 1000w\" sizes=\"(max-width: 705px) 100vw, 705px\" \/><\/div><\/div><\/figure><\/a><!--end av-masonry entry--><a href=\"https:\/\/textistmeinding.de\/wp-content\/uploads\/2020\/11\/IMG_3408-kopieren.jpg\"  aria-label=\"image IMG_3408 kopieren\"  id='av-masonry-1-item-158' data-av-masonry-item='158' class='av-masonry-entry isotope-item post-158 attachment type-attachment status-inherit hentry  av-masonry-item-with-image' title=\"\" alt=\"\"   itemprop=\"thumbnailUrl\" ><div class='av-inner-masonry-sizer'><\/div><figure class='av-inner-masonry main_color'><div class=\"av-masonry-outerimage-container\"><div class=\"av-masonry-image-container\" ><img width=\"705\" height=\"470\" class=\"wp-image-158 avia-img-lazy-loading-not-158\"  src=\"https:\/\/textistmeinding.de\/wp-content\/uploads\/2020\/11\/IMG_3408-kopieren-705x470.jpg\" title=\"IMG_3408 kopieren\" alt=\"\" srcset=\"https:\/\/textistmeinding.de\/wp-content\/uploads\/2020\/11\/IMG_3408-kopieren-705x470.jpg 705w, https:\/\/textistmeinding.de\/wp-content\/uploads\/2020\/11\/IMG_3408-kopieren-300x200.jpg 300w, https:\/\/textistmeinding.de\/wp-content\/uploads\/2020\/11\/IMG_3408-kopieren-768x512.jpg 768w, https:\/\/textistmeinding.de\/wp-content\/uploads\/2020\/11\/IMG_3408-kopieren.jpg 1000w\" sizes=\"(max-width: 705px) 100vw, 705px\" \/><\/div><\/div><\/figure><\/a><!--end av-masonry entry--><a href=\"https:\/\/textistmeinding.de\/wp-content\/uploads\/2020\/11\/IMG_3387-kopieren.jpg\"  aria-label=\"image IMG_3387 kopieren\"  id='av-masonry-1-item-157' data-av-masonry-item='157' class='av-masonry-entry isotope-item post-157 attachment type-attachment status-inherit hentry  av-masonry-item-with-image' title=\"\" alt=\"\"   itemprop=\"thumbnailUrl\" ><div class='av-inner-masonry-sizer'><\/div><figure class='av-inner-masonry main_color'><div class=\"av-masonry-outerimage-container\"><div class=\"av-masonry-image-container\" ><img width=\"705\" height=\"470\" class=\"wp-image-157 avia-img-lazy-loading-not-157\"  src=\"https:\/\/textistmeinding.de\/wp-content\/uploads\/2020\/11\/IMG_3387-kopieren-705x470.jpg\" title=\"IMG_3387 kopieren\" alt=\"\" srcset=\"https:\/\/textistmeinding.de\/wp-content\/uploads\/2020\/11\/IMG_3387-kopieren-705x470.jpg 705w, https:\/\/textistmeinding.de\/wp-content\/uploads\/2020\/11\/IMG_3387-kopieren-300x200.jpg 300w, https:\/\/textistmeinding.de\/wp-content\/uploads\/2020\/11\/IMG_3387-kopieren-768x512.jpg 768w, https:\/\/textistmeinding.de\/wp-content\/uploads\/2020\/11\/IMG_3387-kopieren.jpg 1000w\" sizes=\"(max-width: 705px) 100vw, 705px\" \/><\/div><\/div><\/figure><\/a><!--end av-masonry entry--><a href=\"https:\/\/textistmeinding.de\/wp-content\/uploads\/2020\/11\/IMG_3325-kopieren.jpg\"  aria-label=\"image IMG_3325 kopieren\"  id='av-masonry-1-item-156' data-av-masonry-item='156' class='av-masonry-entry isotope-item post-156 attachment type-attachment status-inherit hentry  av-masonry-item-with-image' title=\"\" alt=\"\"   itemprop=\"thumbnailUrl\" ><div class='av-inner-masonry-sizer'><\/div><figure class='av-inner-masonry main_color'><div class=\"av-masonry-outerimage-container\"><div class=\"av-masonry-image-container\" ><img width=\"705\" height=\"240\" class=\"wp-image-156 avia-img-lazy-loading-not-156\"  src=\"https:\/\/textistmeinding.de\/wp-content\/uploads\/2020\/11\/IMG_3325-kopieren-705x240.jpg\" title=\"IMG_3325 kopieren\" alt=\"\" srcset=\"https:\/\/textistmeinding.de\/wp-content\/uploads\/2020\/11\/IMG_3325-kopieren-705x240.jpg 705w, https:\/\/textistmeinding.de\/wp-content\/uploads\/2020\/11\/IMG_3325-kopieren-300x102.jpg 300w, https:\/\/textistmeinding.de\/wp-content\/uploads\/2020\/11\/IMG_3325-kopieren-768x262.jpg 768w, https:\/\/textistmeinding.de\/wp-content\/uploads\/2020\/11\/IMG_3325-kopieren.jpg 1000w\" sizes=\"(max-width: 705px) 100vw, 705px\" \/><\/div><\/div><\/figure><\/a><!--end av-masonry entry--><\/div><\/div><\/div>\n\n","protected":false},"excerpt":{"rendered":"","protected":false},"author":1,"featured_media":0,"parent":0,"menu_order":0,"comment_status":"closed","ping_status":"closed","template":"","meta":[],"_links":{"self":[{"href":"https:\/\/textistmeinding.de\/text-ist-mein-ding\/wp-json\/wp\/v2\/pages\/145"}],"collection":[{"href":"https:\/\/textistmeinding.de\/text-ist-mein-ding\/wp-json\/wp\/v2\/pages"}],"about":[{"href":"https:\/\/textistmeinding.de\/text-ist-mein-ding\/wp-json\/wp\/v2\/types\/page"}],"author":[{"embeddable":true,"href":"https:\/\/textistmeinding.de\/text-ist-mein-ding\/wp-json\/wp\/v2\/users\/1"}],"replies":[{"embeddable":true,"href":"https:\/\/textistmeinding.de\/text-ist-mein-ding\/wp-json\/wp\/v2\/comments?post=145"}],"version-history":[{"count":10,"href":"https:\/\/textistmeinding.de\/text-ist-mein-ding\/wp-json\/wp\/v2\/pages\/145\/revisions"}],"predecessor-version":[{"id":220,"href":"https:\/\/textistmeinding.de\/text-ist-mein-ding\/wp-json\/wp\/v2\/pages\/145\/revisions\/220"}],"wp:attachment":[{"href":"https:\/\/textistmeinding.de\/text-ist-mein-ding\/wp-json\/wp\/v2\/media?parent=145"}],"curies":[{"name":"wp","href":"https:\/\/api.w.org\/{rel}","templated":true}]}}