{"id":205,"date":"2021-03-08T10:36:16","date_gmt":"2021-03-08T09:36:16","guid":{"rendered":"http:\/\/textistmeinding.de\/?page_id=205"},"modified":"2021-04-11T21:28:53","modified_gmt":"2021-04-11T19:28:53","slug":"literatur","status":"publish","type":"page","link":"https:\/\/textistmeinding.de\/text-ist-mein-ding\/literatur\/","title":{"rendered":"Literatur"},"content":{"rendered":"<div id='av_section_1'  class='avia-section main_color avia-section-default avia-no-border-styling  avia-bg-style-scroll  avia-builder-el-0  avia-builder-el-no-sibling   container_wrap fullsize' style=' '  ><div class='container' ><main  role=\"main\" itemprop=\"mainContentOfPage\"  class='template-page content  av-content-full alpha units'><div class='post-entry post-entry-type-page post-entry-205'><div class='entry-content-wrapper clearfix'>\n<div class=\"flex_column av_one_full  flex_column_div av-zero-column-padding first  avia-builder-el-1  el_before_av_one_full  avia-builder-el-first  \" style='border-radius:0px; '><div  style='padding-bottom:20px; margin:10 10 10 10; color:#000000;font-size:72px;' class='av-special-heading av-special-heading-h1 custom-color-heading blockquote modern-quote  avia-builder-el-2  avia-builder-el-no-sibling  av-inherit-size '><h1 class='av-special-heading-tag '  itemprop=\"headline\"  >Epik, Lyrik <span class='special_amp'>&amp;<\/span> Dramatik<\/h1><div class ='av-subheading av-subheading_below av_custom_color ' style='font-size:15px;'><p>Man k\u00f6nnte auch von &#8222;Scherz, Satire, Ironie und tiefere Bedeutung&#8220; sprechen<\/p>\n<\/div><div class='special-heading-border'><div class='special-heading-inner-border' style='border-color:#000000'><\/div><\/div><\/div><\/div><div class=\"flex_column av_one_full  flex_column_div av-zero-column-padding first  avia-builder-el-3  el_after_av_one_full  el_before_av_hr  column-top-margin\" style='border-radius:0px; '><section class=\"av_textblock_section \"  itemscope=\"itemscope\" itemtype=\"https:\/\/schema.org\/CreativeWork\" ><div class='avia_textblock  av_inherit_color '  style='font-size:18px; color:#000000; '  itemprop=\"text\" ><p>Im Prinzip alles, was ich so nebenher schreibe. Und zugegeben, ich habe hier gar keine Lust, ihnen mein \u0152vre um die Ohren zu schlagen, weil ich A: nicht glaube, dass es irgendwen interessiert und weil ich B: nicht glaube, dass ich so gut wie Thomas Mann oder Franz Kafka bin. Sollte von ihnen jetzt der Einwand kommen, dass sie niemanden beauftragen k\u00f6nnen, der nicht zu hundert Prozent von sich \u00fcberzeugt und commited ist, tr\u00f6sten sie sich, Kafka w\u00e4re zwar g\u00fcnstig gewesen, war aber eher schwierig im Umgang (denn der Mann glaubte nicht daran, auch nur einen Funken Talent in sich zu haben), Mann war leichter im Umgang, aber schweineteuer. Ich bin weder noch! Aber, und auch das k\u00f6nnte ein kleiner Trost sein, es gibt unter den tausenden Autoren, die jedes Jahr ver\u00f6ffentlichen, noch nicht einmal eine Handvoll, die so gut wie die beiden vorgenannten sind.<\/p>\n<\/div><\/section><\/div><div   class='hr hr-default   avia-builder-el-5  el_after_av_one_full  el_before_av_one_fifth '><span class='hr-inner ' ><span class='hr-inner-style'><\/span><\/span><\/div>\n<div class=\"flex_column av_one_fifth  flex_column_div av-zero-column-padding first  avia-builder-el-6  el_after_av_hr  el_before_av_three_fifth  \" style='border-radius:0px; '><\/div><div class=\"flex_column av_three_fifth  flex_column_div av-zero-column-padding   avia-builder-el-7  el_after_av_one_fifth  el_before_av_one_fifth  \" style='border-radius:0px; '><p><div  style='padding-bottom:10px; font-size:69px;' class='av-special-heading av-special-heading-h1  blockquote elegant-quote elegant-centered  avia-builder-el-8  el_before_av_slideshow  avia-builder-el-first  av-inherit-size '><h1 class='av-special-heading-tag '  itemprop=\"headline\"  ><span class=\"heading-wrap\">Lyrik, was auch sonst&#8230;<\/span><\/h1><div class='special-heading-border'><div class='special-heading-inner-border' ><\/div><\/div><\/div><br \/>\n<div   data-size='no scaling'  data-lightbox_size='large'  data-animation='slide'  data-conditional_play=''  data-ids='260,259,258'  data-video_counter='0'  data-autoplay='false'  data-bg_slider='false'  data-slide_height=''  data-handle='av_slideshow'  data-interval='5'  data-class=' avia-builder-el-9  el_after_av_heading  avia-builder-el-last  '  data-el_id=''  data-css_id=''  data-scroll_down=''  data-control_layout='av-control-default'  data-custom_markup=''  data-perma_caption=''  data-autoplay_stopper=''  data-image_attachment=''  data-min_height='0px'  data-lazy_loading='disabled'  class='avia-slideshow avia-slideshow-1  av-control-default av-default-height-applied avia-slideshow-no scaling av_slideshow  avia-builder-el-9  el_after_av_heading  avia-builder-el-last   avia-slide-slider '  itemprop=\"image\" itemscope=\"itemscope\" itemtype=\"https:\/\/schema.org\/ImageObject\" ><ul class='avia-slideshow-inner ' style='padding-bottom: 100%;' ><li  class=' slide-1 ' ><div data-rel='slideshow-1' class='avia-slide-wrap '   ><img class=\"wp-image-260 avia-img-lazy-loading-not-260\"  src=\"https:\/\/textistmeinding.de\/wp-content\/uploads\/2020\/12\/Eventu-1.png\" width=\"1500\" height=\"1500\" title='Eventu 1' alt=''  itemprop=\"thumbnailUrl\" srcset=\"https:\/\/textistmeinding.de\/wp-content\/uploads\/2020\/12\/Eventu-1.png 1500w, https:\/\/textistmeinding.de\/wp-content\/uploads\/2020\/12\/Eventu-1-300x300.png 300w, https:\/\/textistmeinding.de\/wp-content\/uploads\/2020\/12\/Eventu-1-1030x1030.png 1030w, https:\/\/textistmeinding.de\/wp-content\/uploads\/2020\/12\/Eventu-1-80x80.png 80w, https:\/\/textistmeinding.de\/wp-content\/uploads\/2020\/12\/Eventu-1-768x768.png 768w, https:\/\/textistmeinding.de\/wp-content\/uploads\/2020\/12\/Eventu-1-36x36.png 36w, https:\/\/textistmeinding.de\/wp-content\/uploads\/2020\/12\/Eventu-1-180x180.png 180w, https:\/\/textistmeinding.de\/wp-content\/uploads\/2020\/12\/Eventu-1-705x705.png 705w\" sizes=\"(max-width: 1500px) 100vw, 1500px\" \/><\/div><\/li><li  class=' slide-2 ' ><div data-rel='slideshow-1' class='avia-slide-wrap '   ><img class=\"wp-image-259 avia-img-lazy-loading-not-259\"  src=\"https:\/\/textistmeinding.de\/wp-content\/uploads\/2020\/12\/Sommergruene.png\" width=\"1500\" height=\"1500\" title='Sommergr\u00fcne' alt=''  itemprop=\"thumbnailUrl\" srcset=\"https:\/\/textistmeinding.de\/wp-content\/uploads\/2020\/12\/Sommergruene.png 1500w, https:\/\/textistmeinding.de\/wp-content\/uploads\/2020\/12\/Sommergruene-300x300.png 300w, https:\/\/textistmeinding.de\/wp-content\/uploads\/2020\/12\/Sommergruene-1030x1030.png 1030w, https:\/\/textistmeinding.de\/wp-content\/uploads\/2020\/12\/Sommergruene-80x80.png 80w, https:\/\/textistmeinding.de\/wp-content\/uploads\/2020\/12\/Sommergruene-768x768.png 768w, https:\/\/textistmeinding.de\/wp-content\/uploads\/2020\/12\/Sommergruene-36x36.png 36w, https:\/\/textistmeinding.de\/wp-content\/uploads\/2020\/12\/Sommergruene-180x180.png 180w, https:\/\/textistmeinding.de\/wp-content\/uploads\/2020\/12\/Sommergruene-705x705.png 705w\" sizes=\"(max-width: 1500px) 100vw, 1500px\" \/><\/div><\/li><li  class=' slide-3 ' ><div data-rel='slideshow-1' class='avia-slide-wrap '   ><img class=\"wp-image-258 avia-img-lazy-loading-not-258\"  src=\"https:\/\/textistmeinding.de\/wp-content\/uploads\/2020\/12\/die-Perfekten.png\" width=\"1500\" height=\"1500\" title='die Perfekten' alt=''  itemprop=\"thumbnailUrl\" srcset=\"https:\/\/textistmeinding.de\/wp-content\/uploads\/2020\/12\/die-Perfekten.png 1500w, https:\/\/textistmeinding.de\/wp-content\/uploads\/2020\/12\/die-Perfekten-300x300.png 300w, https:\/\/textistmeinding.de\/wp-content\/uploads\/2020\/12\/die-Perfekten-1030x1030.png 1030w, https:\/\/textistmeinding.de\/wp-content\/uploads\/2020\/12\/die-Perfekten-80x80.png 80w, https:\/\/textistmeinding.de\/wp-content\/uploads\/2020\/12\/die-Perfekten-768x768.png 768w, https:\/\/textistmeinding.de\/wp-content\/uploads\/2020\/12\/die-Perfekten-36x36.png 36w, https:\/\/textistmeinding.de\/wp-content\/uploads\/2020\/12\/die-Perfekten-180x180.png 180w, https:\/\/textistmeinding.de\/wp-content\/uploads\/2020\/12\/die-Perfekten-705x705.png 705w\" sizes=\"(max-width: 1500px) 100vw, 1500px\" \/><\/div><\/li><\/ul><div class='avia-slideshow-arrows avia-slideshow-controls'><a href='#prev' class='prev-slide' aria-hidden='true' data-av_icon='\ue87c' data-av_iconfont='entypo-fontello'>Zur\u00fcck<\/a><a href='#next' class='next-slide' aria-hidden='true' data-av_icon='\ue87d' data-av_iconfont='entypo-fontello'>Weiter<\/a><\/div><div class='avia-slideshow-dots avia-slideshow-controls'><a href='#1' class='goto-slide active' >1<\/a><a href='#2' class='goto-slide ' >2<\/a><a href='#3' class='goto-slide ' >3<\/a><\/div><\/div><\/p><\/div><div class=\"flex_column av_one_fifth  flex_column_div av-zero-column-padding   avia-builder-el-10  el_after_av_three_fifth  el_before_av_hr  \" style='border-radius:0px; '><\/div><div  style='height:150px' class='hr hr-invisible   avia-builder-el-11  el_after_av_one_fifth  el_before_av_three_fifth '><span class='hr-inner ' ><span class='hr-inner-style'><\/span><\/span><\/div>\n<div class=\"flex_column av_three_fifth  flex_column_div av-zero-column-padding first  avia-builder-el-12  el_after_av_hr  el_before_av_one_fifth  \" style='border-radius:0px; '><p><div  style='padding-bottom:10px; font-size:69px;' class='av-special-heading av-special-heading-h1  blockquote elegant-quote elegant-centered  avia-builder-el-13  el_before_av_slideshow  avia-builder-el-first  av-inherit-size '><h1 class='av-special-heading-tag '  itemprop=\"headline\"  ><span class=\"heading-wrap\">Epik, vor allem Prosa&#8230;<\/span><\/h1><div class='special-heading-border'><div class='special-heading-inner-border' ><\/div><\/div><\/div><br \/>\n<div   data-size='no scaling'  data-lightbox_size='large'  data-animation='slide'  data-conditional_play=''  data-ids='257,256,255,254,253,252'  data-video_counter='0'  data-autoplay='false'  data-bg_slider='false'  data-slide_height=''  data-handle='av_slideshow'  data-interval='5'  data-class=' avia-builder-el-14  el_after_av_heading  avia-builder-el-last  '  data-el_id=''  data-css_id=''  data-scroll_down=''  data-control_layout='av-control-default'  data-custom_markup=''  data-perma_caption=''  data-autoplay_stopper=''  data-image_attachment=''  data-min_height='0px'  data-lazy_loading='disabled'  class='avia-slideshow avia-slideshow-2  av-control-default av-default-height-applied avia-slideshow-no scaling av_slideshow  avia-builder-el-14  el_after_av_heading  avia-builder-el-last   avia-slide-slider '  itemprop=\"image\" itemscope=\"itemscope\" itemtype=\"https:\/\/schema.org\/ImageObject\" ><ul class='avia-slideshow-inner ' style='padding-bottom: 100%;' ><li  class=' slide-1 ' ><div data-rel='slideshow-2' class='avia-slide-wrap '   ><img class=\"wp-image-257 avia-img-lazy-loading-not-257\"  src=\"https:\/\/textistmeinding.de\/wp-content\/uploads\/2020\/12\/Besessen.png\" width=\"1500\" height=\"1500\" title='Besessen' alt=''  itemprop=\"thumbnailUrl\" srcset=\"https:\/\/textistmeinding.de\/wp-content\/uploads\/2020\/12\/Besessen.png 1500w, https:\/\/textistmeinding.de\/wp-content\/uploads\/2020\/12\/Besessen-300x300.png 300w, https:\/\/textistmeinding.de\/wp-content\/uploads\/2020\/12\/Besessen-1030x1030.png 1030w, https:\/\/textistmeinding.de\/wp-content\/uploads\/2020\/12\/Besessen-80x80.png 80w, https:\/\/textistmeinding.de\/wp-content\/uploads\/2020\/12\/Besessen-768x768.png 768w, https:\/\/textistmeinding.de\/wp-content\/uploads\/2020\/12\/Besessen-36x36.png 36w, https:\/\/textistmeinding.de\/wp-content\/uploads\/2020\/12\/Besessen-180x180.png 180w, https:\/\/textistmeinding.de\/wp-content\/uploads\/2020\/12\/Besessen-705x705.png 705w\" sizes=\"(max-width: 1500px) 100vw, 1500px\" \/><\/div><\/li><li  class=' slide-2 ' ><div data-rel='slideshow-2' class='avia-slide-wrap '   ><img class=\"wp-image-256 avia-img-lazy-loading-not-256\"  src=\"https:\/\/textistmeinding.de\/wp-content\/uploads\/2020\/12\/Wahrheiten.png\" width=\"1500\" height=\"1500\" title='Wahrheiten' alt=''  itemprop=\"thumbnailUrl\" srcset=\"https:\/\/textistmeinding.de\/wp-content\/uploads\/2020\/12\/Wahrheiten.png 1500w, https:\/\/textistmeinding.de\/wp-content\/uploads\/2020\/12\/Wahrheiten-300x300.png 300w, https:\/\/textistmeinding.de\/wp-content\/uploads\/2020\/12\/Wahrheiten-1030x1030.png 1030w, https:\/\/textistmeinding.de\/wp-content\/uploads\/2020\/12\/Wahrheiten-80x80.png 80w, https:\/\/textistmeinding.de\/wp-content\/uploads\/2020\/12\/Wahrheiten-768x768.png 768w, https:\/\/textistmeinding.de\/wp-content\/uploads\/2020\/12\/Wahrheiten-36x36.png 36w, https:\/\/textistmeinding.de\/wp-content\/uploads\/2020\/12\/Wahrheiten-180x180.png 180w, https:\/\/textistmeinding.de\/wp-content\/uploads\/2020\/12\/Wahrheiten-705x705.png 705w\" sizes=\"(max-width: 1500px) 100vw, 1500px\" \/><\/div><\/li><li  class=' slide-3 ' ><div data-rel='slideshow-2' class='avia-slide-wrap '   ><img class=\"wp-image-255 avia-img-lazy-loading-not-255\"  src=\"https:\/\/textistmeinding.de\/wp-content\/uploads\/2020\/12\/Emotionen.png\" width=\"1500\" height=\"1500\" title='Emotionen' alt=''  itemprop=\"thumbnailUrl\" srcset=\"https:\/\/textistmeinding.de\/wp-content\/uploads\/2020\/12\/Emotionen.png 1500w, https:\/\/textistmeinding.de\/wp-content\/uploads\/2020\/12\/Emotionen-300x300.png 300w, https:\/\/textistmeinding.de\/wp-content\/uploads\/2020\/12\/Emotionen-1030x1030.png 1030w, https:\/\/textistmeinding.de\/wp-content\/uploads\/2020\/12\/Emotionen-80x80.png 80w, https:\/\/textistmeinding.de\/wp-content\/uploads\/2020\/12\/Emotionen-768x768.png 768w, https:\/\/textistmeinding.de\/wp-content\/uploads\/2020\/12\/Emotionen-36x36.png 36w, https:\/\/textistmeinding.de\/wp-content\/uploads\/2020\/12\/Emotionen-180x180.png 180w, https:\/\/textistmeinding.de\/wp-content\/uploads\/2020\/12\/Emotionen-705x705.png 705w\" sizes=\"(max-width: 1500px) 100vw, 1500px\" \/><\/div><\/li><li  class=' slide-4 ' ><div data-rel='slideshow-2' class='avia-slide-wrap '   ><img class=\"wp-image-254 avia-img-lazy-loading-not-254\"  src=\"https:\/\/textistmeinding.de\/wp-content\/uploads\/2020\/12\/Der-Mittelstand.png\" width=\"1500\" height=\"1500\" title='Der Mittelstand' alt=''  itemprop=\"thumbnailUrl\" srcset=\"https:\/\/textistmeinding.de\/wp-content\/uploads\/2020\/12\/Der-Mittelstand.png 1500w, https:\/\/textistmeinding.de\/wp-content\/uploads\/2020\/12\/Der-Mittelstand-300x300.png 300w, https:\/\/textistmeinding.de\/wp-content\/uploads\/2020\/12\/Der-Mittelstand-1030x1030.png 1030w, https:\/\/textistmeinding.de\/wp-content\/uploads\/2020\/12\/Der-Mittelstand-80x80.png 80w, https:\/\/textistmeinding.de\/wp-content\/uploads\/2020\/12\/Der-Mittelstand-768x768.png 768w, https:\/\/textistmeinding.de\/wp-content\/uploads\/2020\/12\/Der-Mittelstand-36x36.png 36w, https:\/\/textistmeinding.de\/wp-content\/uploads\/2020\/12\/Der-Mittelstand-180x180.png 180w, https:\/\/textistmeinding.de\/wp-content\/uploads\/2020\/12\/Der-Mittelstand-705x705.png 705w\" sizes=\"(max-width: 1500px) 100vw, 1500px\" \/><\/div><\/li><li  class=' slide-5 ' ><div data-rel='slideshow-2' class='avia-slide-wrap '   ><img class=\"wp-image-253 avia-img-lazy-loading-not-253\"  src=\"https:\/\/textistmeinding.de\/wp-content\/uploads\/2020\/12\/die-Intellektuellen-und-ich.png\" width=\"1500\" height=\"1500\" title='die Intellektuellen und ich' alt=''  itemprop=\"thumbnailUrl\" srcset=\"https:\/\/textistmeinding.de\/wp-content\/uploads\/2020\/12\/die-Intellektuellen-und-ich.png 1500w, https:\/\/textistmeinding.de\/wp-content\/uploads\/2020\/12\/die-Intellektuellen-und-ich-300x300.png 300w, https:\/\/textistmeinding.de\/wp-content\/uploads\/2020\/12\/die-Intellektuellen-und-ich-1030x1030.png 1030w, https:\/\/textistmeinding.de\/wp-content\/uploads\/2020\/12\/die-Intellektuellen-und-ich-80x80.png 80w, https:\/\/textistmeinding.de\/wp-content\/uploads\/2020\/12\/die-Intellektuellen-und-ich-768x768.png 768w, https:\/\/textistmeinding.de\/wp-content\/uploads\/2020\/12\/die-Intellektuellen-und-ich-36x36.png 36w, https:\/\/textistmeinding.de\/wp-content\/uploads\/2020\/12\/die-Intellektuellen-und-ich-180x180.png 180w, https:\/\/textistmeinding.de\/wp-content\/uploads\/2020\/12\/die-Intellektuellen-und-ich-705x705.png 705w\" sizes=\"(max-width: 1500px) 100vw, 1500px\" \/><\/div><\/li><li  class=' slide-6 ' ><div data-rel='slideshow-2' class='avia-slide-wrap '   ><img class=\"wp-image-252 avia-img-lazy-loading-not-252\"  src=\"https:\/\/textistmeinding.de\/wp-content\/uploads\/2020\/12\/3990.png\" width=\"1500\" height=\"1500\" title='39,90' alt=''  itemprop=\"thumbnailUrl\" srcset=\"https:\/\/textistmeinding.de\/wp-content\/uploads\/2020\/12\/3990.png 1500w, https:\/\/textistmeinding.de\/wp-content\/uploads\/2020\/12\/3990-300x300.png 300w, https:\/\/textistmeinding.de\/wp-content\/uploads\/2020\/12\/3990-1030x1030.png 1030w, https:\/\/textistmeinding.de\/wp-content\/uploads\/2020\/12\/3990-80x80.png 80w, https:\/\/textistmeinding.de\/wp-content\/uploads\/2020\/12\/3990-768x768.png 768w, https:\/\/textistmeinding.de\/wp-content\/uploads\/2020\/12\/3990-36x36.png 36w, https:\/\/textistmeinding.de\/wp-content\/uploads\/2020\/12\/3990-180x180.png 180w, https:\/\/textistmeinding.de\/wp-content\/uploads\/2020\/12\/3990-705x705.png 705w\" sizes=\"(max-width: 1500px) 100vw, 1500px\" \/><\/div><\/li><\/ul><div class='avia-slideshow-arrows avia-slideshow-controls'><a href='#prev' class='prev-slide' aria-hidden='true' data-av_icon='\ue87c' data-av_iconfont='entypo-fontello'>Zur\u00fcck<\/a><a href='#next' class='next-slide' aria-hidden='true' data-av_icon='\ue87d' data-av_iconfont='entypo-fontello'>Weiter<\/a><\/div><div class='avia-slideshow-dots avia-slideshow-controls'><a href='#1' class='goto-slide active' >1<\/a><a href='#2' class='goto-slide ' >2<\/a><a href='#3' class='goto-slide ' >3<\/a><a href='#4' class='goto-slide ' >4<\/a><a href='#5' class='goto-slide ' >5<\/a><a href='#6' class='goto-slide ' >6<\/a><\/div><\/div><\/p><\/div><div class=\"flex_column av_one_fifth  flex_column_div av-zero-column-padding   avia-builder-el-15  el_after_av_three_fifth  el_before_av_one_fifth  \" style='border-radius:0px; '><\/div><div class=\"flex_column av_one_fifth  flex_column_div av-zero-column-padding   avia-builder-el-16  el_after_av_one_fifth  el_before_av_hr  \" style='border-radius:0px; '><\/div><div  style='height:150px' class='hr hr-invisible   avia-builder-el-17  el_after_av_one_fifth  el_before_av_one_fifth '><span class='hr-inner ' ><span class='hr-inner-style'><\/span><\/span><\/div>\n<div class=\"flex_column av_one_fifth  flex_column_div av-zero-column-padding first  avia-builder-el-18  el_after_av_hr  el_before_av_one_fifth  \" style='border-radius:0px; '><\/div><div class=\"flex_column av_one_fifth  flex_column_div av-zero-column-padding   avia-builder-el-19  el_after_av_one_fifth  el_before_av_three_fifth  \" style='border-radius:0px; '><\/div><div class=\"flex_column av_three_fifth  flex_column_div av-zero-column-padding   avia-builder-el-20  el_after_av_one_fifth  avia-builder-el-last  \" style='border-radius:0px; '><p><div  style='padding-bottom:10px; font-size:69px;' class='av-special-heading av-special-heading-h1  blockquote elegant-quote elegant-centered  avia-builder-el-21  el_before_av_slideshow  avia-builder-el-first  av-inherit-size '><h1 class='av-special-heading-tag '  itemprop=\"headline\"  ><span class=\"heading-wrap\">So, da kommt also die Dramatik<\/span><\/h1><div class='special-heading-border'><div class='special-heading-inner-border' ><\/div><\/div><\/div><br \/>\n<div   data-size='no scaling'  data-lightbox_size='large'  data-animation='slide'  data-conditional_play=''  data-ids='264,263,262'  data-video_counter='0'  data-autoplay='false'  data-bg_slider='false'  data-slide_height=''  data-handle='av_slideshow'  data-interval='5'  data-class=' avia-builder-el-22  el_after_av_heading  avia-builder-el-last  '  data-el_id=''  data-css_id=''  data-scroll_down=''  data-control_layout='av-control-default'  data-custom_markup=''  data-perma_caption=''  data-autoplay_stopper=''  data-image_attachment=''  data-min_height='0px'  data-lazy_loading='disabled'  class='avia-slideshow avia-slideshow-3  av-control-default av-default-height-applied avia-slideshow-no scaling av_slideshow  avia-builder-el-22  el_after_av_heading  avia-builder-el-last   avia-slide-slider '  itemprop=\"image\" itemscope=\"itemscope\" itemtype=\"https:\/\/schema.org\/ImageObject\" ><ul class='avia-slideshow-inner ' style='padding-bottom: 100%;' ><li  class=' slide-1 ' ><div data-rel='slideshow-3' class='avia-slide-wrap '   ><img class=\"wp-image-264 avia-img-lazy-loading-not-264\"  src=\"https:\/\/textistmeinding.de\/wp-content\/uploads\/2021\/01\/Nasengespraeche.png\" width=\"1500\" height=\"1500\" title='Nasengespr\u00e4che' alt=''  itemprop=\"thumbnailUrl\" srcset=\"https:\/\/textistmeinding.de\/wp-content\/uploads\/2021\/01\/Nasengespraeche.png 1500w, https:\/\/textistmeinding.de\/wp-content\/uploads\/2021\/01\/Nasengespraeche-300x300.png 300w, https:\/\/textistmeinding.de\/wp-content\/uploads\/2021\/01\/Nasengespraeche-1030x1030.png 1030w, https:\/\/textistmeinding.de\/wp-content\/uploads\/2021\/01\/Nasengespraeche-80x80.png 80w, https:\/\/textistmeinding.de\/wp-content\/uploads\/2021\/01\/Nasengespraeche-768x768.png 768w, https:\/\/textistmeinding.de\/wp-content\/uploads\/2021\/01\/Nasengespraeche-36x36.png 36w, https:\/\/textistmeinding.de\/wp-content\/uploads\/2021\/01\/Nasengespraeche-180x180.png 180w, https:\/\/textistmeinding.de\/wp-content\/uploads\/2021\/01\/Nasengespraeche-705x705.png 705w\" sizes=\"(max-width: 1500px) 100vw, 1500px\" \/><\/div><\/li><li  class=' slide-2 ' ><div data-rel='slideshow-3' class='avia-slide-wrap '   ><img class=\"wp-image-263 avia-img-lazy-loading-not-263\"  src=\"https:\/\/textistmeinding.de\/wp-content\/uploads\/2021\/01\/Das-Problem-1.png\" width=\"1500\" height=\"1500\" title='Das Problem (1)' alt=''  itemprop=\"thumbnailUrl\" srcset=\"https:\/\/textistmeinding.de\/wp-content\/uploads\/2021\/01\/Das-Problem-1.png 1500w, https:\/\/textistmeinding.de\/wp-content\/uploads\/2021\/01\/Das-Problem-1-300x300.png 300w, https:\/\/textistmeinding.de\/wp-content\/uploads\/2021\/01\/Das-Problem-1-1030x1030.png 1030w, https:\/\/textistmeinding.de\/wp-content\/uploads\/2021\/01\/Das-Problem-1-80x80.png 80w, https:\/\/textistmeinding.de\/wp-content\/uploads\/2021\/01\/Das-Problem-1-768x768.png 768w, https:\/\/textistmeinding.de\/wp-content\/uploads\/2021\/01\/Das-Problem-1-36x36.png 36w, https:\/\/textistmeinding.de\/wp-content\/uploads\/2021\/01\/Das-Problem-1-180x180.png 180w, https:\/\/textistmeinding.de\/wp-content\/uploads\/2021\/01\/Das-Problem-1-705x705.png 705w\" sizes=\"(max-width: 1500px) 100vw, 1500px\" \/><\/div><\/li><li  class=' slide-3 ' ><div data-rel='slideshow-3' class='avia-slide-wrap '   ><img class=\"wp-image-262 avia-img-lazy-loading-not-262\"  src=\"https:\/\/textistmeinding.de\/wp-content\/uploads\/2021\/01\/Das-Problem.png\" width=\"1500\" height=\"1500\" title='Das Problem' alt=''  itemprop=\"thumbnailUrl\" srcset=\"https:\/\/textistmeinding.de\/wp-content\/uploads\/2021\/01\/Das-Problem.png 1500w, https:\/\/textistmeinding.de\/wp-content\/uploads\/2021\/01\/Das-Problem-300x300.png 300w, https:\/\/textistmeinding.de\/wp-content\/uploads\/2021\/01\/Das-Problem-1030x1030.png 1030w, https:\/\/textistmeinding.de\/wp-content\/uploads\/2021\/01\/Das-Problem-80x80.png 80w, https:\/\/textistmeinding.de\/wp-content\/uploads\/2021\/01\/Das-Problem-768x768.png 768w, https:\/\/textistmeinding.de\/wp-content\/uploads\/2021\/01\/Das-Problem-36x36.png 36w, https:\/\/textistmeinding.de\/wp-content\/uploads\/2021\/01\/Das-Problem-180x180.png 180w, https:\/\/textistmeinding.de\/wp-content\/uploads\/2021\/01\/Das-Problem-705x705.png 705w\" sizes=\"(max-width: 1500px) 100vw, 1500px\" \/><\/div><\/li><\/ul><div class='avia-slideshow-arrows avia-slideshow-controls'><a href='#prev' class='prev-slide' aria-hidden='true' data-av_icon='\ue87c' data-av_iconfont='entypo-fontello'>Zur\u00fcck<\/a><a href='#next' class='next-slide' aria-hidden='true' data-av_icon='\ue87d' data-av_iconfont='entypo-fontello'>Weiter<\/a><\/div><div class='avia-slideshow-dots avia-slideshow-controls'><a href='#1' class='goto-slide active' >1<\/a><a href='#2' class='goto-slide ' >2<\/a><a href='#3' class='goto-slide ' >3<\/a><\/div><\/div><\/p><\/div>\n","protected":false},"excerpt":{"rendered":"","protected":false},"author":1,"featured_media":0,"parent":0,"menu_order":0,"comment_status":"closed","ping_status":"closed","template":"","meta":[],"_links":{"self":[{"href":"https:\/\/textistmeinding.de\/text-ist-mein-ding\/wp-json\/wp\/v2\/pages\/205"}],"collection":[{"href":"https:\/\/textistmeinding.de\/text-ist-mein-ding\/wp-json\/wp\/v2\/pages"}],"about":[{"href":"https:\/\/textistmeinding.de\/text-ist-mein-ding\/wp-json\/wp\/v2\/types\/page"}],"author":[{"embeddable":true,"href":"https:\/\/textistmeinding.de\/text-ist-mein-ding\/wp-json\/wp\/v2\/users\/1"}],"replies":[{"embeddable":true,"href":"https:\/\/textistmeinding.de\/text-ist-mein-ding\/wp-json\/wp\/v2\/comments?post=205"}],"version-history":[{"count":10,"href":"https:\/\/textistmeinding.de\/text-ist-mein-ding\/wp-json\/wp\/v2\/pages\/205\/revisions"}],"predecessor-version":[{"id":387,"href":"https:\/\/textistmeinding.de\/text-ist-mein-ding\/wp-json\/wp\/v2\/pages\/205\/revisions\/387"}],"wp:attachment":[{"href":"https:\/\/textistmeinding.de\/text-ist-mein-ding\/wp-json\/wp\/v2\/media?parent=205"}],"curies":[{"name":"wp","href":"https:\/\/api.w.org\/{rel}","templated":true}]}}